{"id":25786,"date":"2026-03-04T14:52:54","date_gmt":"2026-03-04T10:52:54","guid":{"rendered":"https:\/\/lezaud.cs-dev.wpspace-server.de\/?page_id=25786"},"modified":"2026-05-01T10:33:58","modified_gmt":"2026-05-01T08:33:58","slug":"individuelle-zuschnitte","status":"publish","type":"page","link":"https:\/\/lezaud.com\/de\/fertigung\/individuelle-zuschnitte\/","title":{"rendered":"Individuelle Zuschnitte nach Ma\u00df"},"content":{"rendered":"<section class=\"bde-section-25786-254 bde-section\">\n  \n  \n\t\n\n\n\n<div class=\"section-container\"><div class=\"bde-columns-25786-255 bde-columns\"><div class=\"bde-column-25786-256 bde-column\">\n  \n  \n\t\n\n\n\n<div class=\"bde-badge-25786-257 bde-badge bde-preset-6e94d522-3a6e-4e4d-a6d0-c6340039988f\">\n<span >Individuelle Fertigung<\/span>\n<\/div><h1 class=\"bde-dual-heading-25786-103 bde-dual-heading bde-preset-a6d6137b-7e90-42ad-8479-60bf78b35bd4\">\n\n\n            <span data-style=\"secondary\" class=\"dual-heading--secondary  \">Individuelle Zuschnitte<\/span>\n\n            <span data-style=\"primary\" class=\"dual-heading--primary  \">f\u00fcr jeden Anspruch<\/span>\n\n\n\n<\/h1><div class=\"bde-rich-text-25786-111 bde-rich-text bde-preset-bf9d12f7-3583-4f6f-b575-4fdd8286253c breakdance-rich-text-styles\">\n<p>Ob <strong>Schl\u00e4uche, Rundschn\u00fcre, Profile oder Platten<\/strong> \u2013 wir schneiden pr\u00e4zise, zuverl\u00e4ssig und materialgerecht f\u00fcr Ihre spezifische Anwendung.<\/p><p>Dank moderner Schneidmaschinen und speziell entwickelter Vorrichtungen garantieren wir <strong>h\u00f6chste Ma\u00dfgenauigkeit<\/strong>, <strong>saubere Schnittkanten<\/strong> und <strong>reproduzierbare Ergebnisse<\/strong> \u2013 unabh\u00e4ngig von Gr\u00f6\u00dfe, Material oder Ausf\u00fchrung.<\/p>\n<\/div>\n<\/div><div class=\"bde-column-25786-260 bde-column\">\n  \n  \n\t\n\n\n\n<img decoding=\"async\" class=\"bde-image2-25786-261 bde-image2 bde-preset-c6202b3f-5533-4cb7-8803-847db5a31835\" src=\"https:\/\/lezaud.com\/wp-content\/uploads\/Individuelle-Flachdichtungen-960x717.webp\" alt=\"individuelle flachdichtungen\">\n<\/div><\/div><\/div>\n<\/section><section class=\"bde-section-25786-113 bde-section bde-preset-f79b66e4-6c85-4bc3-bf1a-1a279960f989\">\n  \n  \n\t\n\n\n\n<div class=\"section-container\"><div class=\"bde-columns-25786-264 bde-columns\"><div class=\"bde-column-25786-265 bde-column\">\n  \n  \n\t\n\n\n\n<img decoding=\"async\" class=\"bde-image2-25786-266 bde-image2 bde-preset-c6202b3f-5533-4cb7-8803-847db5a31835\" src=\"https:\/\/lezaud.com\/wp-content\/uploads\/Individuelle-Flachdichtungen-Schneidemaschine-960x640.webp\" alt=\"individuelle flachdichtungen schneidemaschine\" loading=\"lazy\">\n<\/div><div class=\"bde-column-25786-267 bde-column\">\n  \n  \n\t\n\n\n\n<h3 class=\"bde-dual-heading-25786-234 bde-dual-heading bde-preset-592a3b2a-42c5-4375-81d4-a0d7f388bd9b\">\n\n\n            <span data-style=\"primary\" class=\"dual-heading--primary  \">Ihre<\/span>\n\n            <span data-style=\"secondary\" class=\"dual-heading--secondary  \">Vorteile<\/span>\n\n\n\n<\/h3><div class=\"bde-icon-list-25786-166 bde-icon-list\">\n<ul>\n  \n              \n    <li>\n              <div class='bde-icon-list__item-wrapper'>\n      \n      <span class='bde-icon-list__icon' aria-hidden='true'>\n        <svg xmlns=\"http:\/\/www.w3.org\/2000\/svg\" viewBox=\"0 0 448 512\"><!--! Font Awesome Free 6.5.1 by @fontawesome - https:\/\/fontawesome.com License - https:\/\/fontawesome.com\/license\/free (Icons: CC BY 4.0, Fonts: SIL OFL 1.1, Code: MIT License) Copyright 2023 Fonticons, Inc. --><path d=\"M342.6 86.6c12.5-12.5 12.5-32.8 0-45.3s-32.8-12.5-45.3 0L160 178.7l-57.4-57.4c-12.5-12.5-32.8-12.5-45.3 0s-12.5 32.8 0 45.3l80 80c12.5 12.5 32.8 12.5 45.3 0l160-160zm96 128c12.5-12.5 12.5-32.8 0-45.3s-32.8-12.5-45.3 0L160 402.7 54.6 297.4c-12.5-12.5-32.8-12.5-45.3 0s-12.5 32.8 0 45.3l128 128c12.5 12.5 32.8 12.5 45.3 0l256-256z\"\/><\/svg>\n      <\/span>\n      <span class='bde-icon-list__text' >\n      <strong>Individuelle L\u00e4ngen und Abmessungen<\/strong> nach Kundenwunsch\n      <\/span>\n              <\/div>\n      \n    <\/li>\n\n  \n              \n    <li>\n              <div class='bde-icon-list__item-wrapper'>\n      \n      <span class='bde-icon-list__icon' aria-hidden='true'>\n        <svg xmlns=\"http:\/\/www.w3.org\/2000\/svg\" viewBox=\"0 0 448 512\"><!--! Font Awesome Free 6.5.1 by @fontawesome - https:\/\/fontawesome.com License - https:\/\/fontawesome.com\/license\/free (Icons: CC BY 4.0, Fonts: SIL OFL 1.1, Code: MIT License) Copyright 2023 Fonticons, Inc. --><path d=\"M342.6 86.6c12.5-12.5 12.5-32.8 0-45.3s-32.8-12.5-45.3 0L160 178.7l-57.4-57.4c-12.5-12.5-32.8-12.5-45.3 0s-12.5 32.8 0 45.3l80 80c12.5 12.5 32.8 12.5 45.3 0l160-160zm96 128c12.5-12.5 12.5-32.8 0-45.3s-32.8-12.5-45.3 0L160 402.7 54.6 297.4c-12.5-12.5-32.8-12.5-45.3 0s-12.5 32.8 0 45.3l128 128c12.5 12.5 32.8 12.5 45.3 0l256-256z\"\/><\/svg>\n      <\/span>\n      <span class='bde-icon-list__text' >\n      <strong>Kurze Lieferzeiten<\/strong> durch umfangreiches Lager an Werkstoffen\n      <\/span>\n              <\/div>\n      \n    <\/li>\n\n  \n              \n    <li>\n              <div class='bde-icon-list__item-wrapper'>\n      \n      <span class='bde-icon-list__icon' aria-hidden='true'>\n        <svg xmlns=\"http:\/\/www.w3.org\/2000\/svg\" viewBox=\"0 0 448 512\"><!--! Font Awesome Free 6.5.1 by @fontawesome - https:\/\/fontawesome.com License - https:\/\/fontawesome.com\/license\/free (Icons: CC BY 4.0, Fonts: SIL OFL 1.1, Code: MIT License) Copyright 2023 Fonticons, Inc. --><path d=\"M342.6 86.6c12.5-12.5 12.5-32.8 0-45.3s-32.8-12.5-45.3 0L160 178.7l-57.4-57.4c-12.5-12.5-32.8-12.5-45.3 0s-12.5 32.8 0 45.3l80 80c12.5 12.5 32.8 12.5 45.3 0l160-160zm96 128c12.5-12.5 12.5-32.8 0-45.3s-32.8-12.5-45.3 0L160 402.7 54.6 297.4c-12.5-12.5-32.8-12.5-45.3 0s-12.5 32.8 0 45.3l128 128c12.5 12.5 32.8 12.5 45.3 0l256-256z\"\/><\/svg>\n      <\/span>\n      <span class='bde-icon-list__text' >\n      <strong>Kleinstmengen ab 1 St\u00fcck<\/strong> realisierbar\n      <\/span>\n              <\/div>\n      \n    <\/li>\n\n  \n              \n    <li>\n              <div class='bde-icon-list__item-wrapper'>\n      \n      <span class='bde-icon-list__icon' aria-hidden='true'>\n        <svg xmlns=\"http:\/\/www.w3.org\/2000\/svg\" viewBox=\"0 0 448 512\"><!--! Font Awesome Free 6.5.1 by @fontawesome - https:\/\/fontawesome.com License - https:\/\/fontawesome.com\/license\/free (Icons: CC BY 4.0, Fonts: SIL OFL 1.1, Code: MIT License) Copyright 2023 Fonticons, Inc. --><path d=\"M342.6 86.6c12.5-12.5 12.5-32.8 0-45.3s-32.8-12.5-45.3 0L160 178.7l-57.4-57.4c-12.5-12.5-32.8-12.5-45.3 0s-12.5 32.8 0 45.3l80 80c12.5 12.5 32.8 12.5 45.3 0l160-160zm96 128c12.5-12.5 12.5-32.8 0-45.3s-32.8-12.5-45.3 0L160 402.7 54.6 297.4c-12.5-12.5-32.8-12.5-45.3 0s-12.5 32.8 0 45.3l128 128c12.5 12.5 32.8 12.5 45.3 0l256-256z\"\/><\/svg>\n      <\/span>\n      <span class='bde-icon-list__text' >\n      <strong>Pers\u00f6nliche und fachkundige Beratung<\/strong> \n      <\/span>\n              <\/div>\n      \n    <\/li>\n\n  \n              \n    <li>\n              <div class='bde-icon-list__item-wrapper'>\n      \n      <span class='bde-icon-list__icon' aria-hidden='true'>\n        <svg xmlns=\"http:\/\/www.w3.org\/2000\/svg\" viewBox=\"0 0 448 512\"><!--! Font Awesome Free 6.5.1 by @fontawesome - https:\/\/fontawesome.com License - https:\/\/fontawesome.com\/license\/free (Icons: CC BY 4.0, Fonts: SIL OFL 1.1, Code: MIT License) Copyright 2023 Fonticons, Inc. --><path d=\"M342.6 86.6c12.5-12.5 12.5-32.8 0-45.3s-32.8-12.5-45.3 0L160 178.7l-57.4-57.4c-12.5-12.5-32.8-12.5-45.3 0s-12.5 32.8 0 45.3l80 80c12.5 12.5 32.8 12.5 45.3 0l160-160zm96 128c12.5-12.5 12.5-32.8 0-45.3s-32.8-12.5-45.3 0L160 402.7 54.6 297.4c-12.5-12.5-32.8-12.5-45.3 0s-12.5 32.8 0 45.3l128 128c12.5 12.5 32.8 12.5 45.3 0l256-256z\"\/><\/svg>\n      <\/span>\n      <span class='bde-icon-list__text' >\n      <strong>Fertigung nach Zeichnung oder Muster<\/strong> m\u00f6glich\n      <\/span>\n              <\/div>\n      \n    <\/li>\n\n  <\/ul>\n\n<\/div>\n<\/div><\/div><div class=\"bde-columns-25786-270 bde-columns\"><div class=\"bde-column-25786-271 bde-column\">\n  \n  \n\t\n\n\n\n<h3 class=\"bde-dual-heading-25786-239 bde-dual-heading bde-preset-592a3b2a-42c5-4375-81d4-a0d7f388bd9b\">\n\n\n            <span data-style=\"primary\" class=\"dual-heading--primary  \">So individualisieren<\/span>\n\n            <span data-style=\"secondary\" class=\"dual-heading--secondary  \">wir Ihre Zuschnitte<\/span>\n\n\n\n<\/h3><div class=\"bde-text-25786-253 bde-text\">\nJe nach Material, Geometrie und Anforderung setzen wir unterschiedliche Verfahren ein:\n<\/div><div class=\"bde-icon-list-25786-240 bde-icon-list\">\n<ul>\n  \n              \n    <li>\n              <div class='bde-icon-list__item-wrapper'>\n      \n      <span class='bde-icon-list__icon' aria-hidden='true'>\n        <svg xmlns=\"http:\/\/www.w3.org\/2000\/svg\" viewBox=\"0 0 448 512\"><!--! Font Awesome Free 6.5.1 by @fontawesome - https:\/\/fontawesome.com License - https:\/\/fontawesome.com\/license\/free (Icons: CC BY 4.0, Fonts: SIL OFL 1.1, Code: MIT License) Copyright 2023 Fonticons, Inc. --><path d=\"M342.6 86.6c12.5-12.5 12.5-32.8 0-45.3s-32.8-12.5-45.3 0L160 178.7l-57.4-57.4c-12.5-12.5-32.8-12.5-45.3 0s-12.5 32.8 0 45.3l80 80c12.5 12.5 32.8 12.5 45.3 0l160-160zm96 128c12.5-12.5 12.5-32.8 0-45.3s-32.8-12.5-45.3 0L160 402.7 54.6 297.4c-12.5-12.5-32.8-12.5-45.3 0s-12.5 32.8 0 45.3l128 128c12.5 12.5 32.8 12.5 45.3 0l256-256z\"\/><\/svg>\n      <\/span>\n      <span class='bde-icon-list__text' >\n      <strong>Pr\u00e4zisions-Cutter:<\/strong> F\u00fcr Durchmesser von \u00d8 2 bis \u00d8 16 mm \u2013 ideal f\u00fcr feine, exakte Schnitte an Rundschn\u00fcren, Profilen und Schl\u00e4uchen.\n      <\/span>\n              <\/div>\n      \n    <\/li>\n\n  \n              \n    <li>\n              <div class='bde-icon-list__item-wrapper'>\n      \n      <span class='bde-icon-list__icon' aria-hidden='true'>\n        <svg xmlns=\"http:\/\/www.w3.org\/2000\/svg\" viewBox=\"0 0 448 512\"><!--! Font Awesome Free 6.5.1 by @fontawesome - https:\/\/fontawesome.com License - https:\/\/fontawesome.com\/license\/free (Icons: CC BY 4.0, Fonts: SIL OFL 1.1, Code: MIT License) Copyright 2023 Fonticons, Inc. --><path d=\"M342.6 86.6c12.5-12.5 12.5-32.8 0-45.3s-32.8-12.5-45.3 0L160 178.7l-57.4-57.4c-12.5-12.5-32.8-12.5-45.3 0s-12.5 32.8 0 45.3l80 80c12.5 12.5 32.8 12.5 45.3 0l160-160zm96 128c12.5-12.5 12.5-32.8 0-45.3s-32.8-12.5-45.3 0L160 402.7 54.6 297.4c-12.5-12.5-32.8-12.5-45.3 0s-12.5 32.8 0 45.3l128 128c12.5 12.5 32.8 12.5 45.3 0l256-256z\"\/><\/svg>\n      <\/span>\n      <span class='bde-icon-list__text' >\n      <strong>Maschineller Zuschnitt: <\/strong> Automatisierte Schneidmaschine f\u00fcr schnelle Serienzuschnitte mit hoher Wiederholgenauigkeit und gleichbleibender Qualit\u00e4t.\n      <\/span>\n              <\/div>\n      \n    <\/li>\n\n  \n              \n    <li>\n              <div class='bde-icon-list__item-wrapper'>\n      \n      <span class='bde-icon-list__icon' aria-hidden='true'>\n        <svg xmlns=\"http:\/\/www.w3.org\/2000\/svg\" viewBox=\"0 0 448 512\"><!--! Font Awesome Free 6.5.1 by @fontawesome - https:\/\/fontawesome.com License - https:\/\/fontawesome.com\/license\/free (Icons: CC BY 4.0, Fonts: SIL OFL 1.1, Code: MIT License) Copyright 2023 Fonticons, Inc. --><path d=\"M342.6 86.6c12.5-12.5 12.5-32.8 0-45.3s-32.8-12.5-45.3 0L160 178.7l-57.4-57.4c-12.5-12.5-32.8-12.5-45.3 0s-12.5 32.8 0 45.3l80 80c12.5 12.5 32.8 12.5 45.3 0l160-160zm96 128c12.5-12.5 12.5-32.8 0-45.3s-32.8-12.5-45.3 0L160 402.7 54.6 297.4c-12.5-12.5-32.8-12.5-45.3 0s-12.5 32.8 0 45.3l128 128c12.5 12.5 32.8 12.5 45.3 0l256-256z\"\/><\/svg>\n      <\/span>\n      <span class='bde-icon-list__text' >\n      <strong>Hackschnitt:<\/strong>  Effiziente Trennl\u00f6sung f\u00fcr unterschiedliche Materialien bis 15 mm mit grobgenauer Schnittkante.\n      <\/span>\n              <\/div>\n      \n    <\/li>\n\n  \n              \n    <li>\n              <div class='bde-icon-list__item-wrapper'>\n      \n      <span class='bde-icon-list__icon' aria-hidden='true'>\n        <svg xmlns=\"http:\/\/www.w3.org\/2000\/svg\" viewBox=\"0 0 448 512\"><!--! Font Awesome Free 6.5.1 by @fontawesome - https:\/\/fontawesome.com License - https:\/\/fontawesome.com\/license\/free (Icons: CC BY 4.0, Fonts: SIL OFL 1.1, Code: MIT License) Copyright 2023 Fonticons, Inc. --><path d=\"M342.6 86.6c12.5-12.5 12.5-32.8 0-45.3s-32.8-12.5-45.3 0L160 178.7l-57.4-57.4c-12.5-12.5-32.8-12.5-45.3 0s-12.5 32.8 0 45.3l80 80c12.5 12.5 32.8 12.5 45.3 0l160-160zm96 128c12.5-12.5 12.5-32.8 0-45.3s-32.8-12.5-45.3 0L160 402.7 54.6 297.4c-12.5-12.5-32.8-12.5-45.3 0s-12.5 32.8 0 45.3l128 128c12.5 12.5 32.8 12.5 45.3 0l256-256z\"\/><\/svg>\n      <\/span>\n      <span class='bde-icon-list__text' >\n      <strong>Handschnitt:<\/strong>  Flexible, manuelle Zuschnitte f\u00fcr individuelle Anforderungen und kurzfristige Anpassungen.\n      <\/span>\n              <\/div>\n      \n    <\/li>\n\n  \n              \n    <li>\n              <div class='bde-icon-list__item-wrapper'>\n      \n      <span class='bde-icon-list__icon' aria-hidden='true'>\n        <svg xmlns=\"http:\/\/www.w3.org\/2000\/svg\" viewBox=\"0 0 448 512\"><!--! Font Awesome Free 6.5.1 by @fontawesome - https:\/\/fontawesome.com License - https:\/\/fontawesome.com\/license\/free (Icons: CC BY 4.0, Fonts: SIL OFL 1.1, Code: MIT License) Copyright 2023 Fonticons, Inc. --><path d=\"M342.6 86.6c12.5-12.5 12.5-32.8 0-45.3s-32.8-12.5-45.3 0L160 178.7l-57.4-57.4c-12.5-12.5-32.8-12.5-45.3 0s-12.5 32.8 0 45.3l80 80c12.5 12.5 32.8 12.5 45.3 0l160-160zm96 128c12.5-12.5 12.5-32.8 0-45.3s-32.8-12.5-45.3 0L160 402.7 54.6 297.4c-12.5-12.5-32.8-12.5-45.3 0s-12.5 32.8 0 45.3l128 128c12.5 12.5 32.8 12.5 45.3 0l256-256z\"\/><\/svg>\n      <\/span>\n      <span class='bde-icon-list__text' >\n      <strong>Hebelschere:<\/strong> Robuste Schneidl\u00f6sung zum z\u00fcgigen Zuschneiden gr\u00f6\u00dferer Geometrien und Plattenformate.\n      <\/span>\n              <\/div>\n      \n    <\/li>\n\n  <\/ul>\n\n<\/div>\n<\/div><div class=\"bde-column-25786-275 bde-column\">\n  \n  \n\t\n\n\n\n<img decoding=\"async\" class=\"bde-image2-25786-276 bde-image2 bde-preset-c6202b3f-5533-4cb7-8803-847db5a31835\" src=\"https:\/\/lezaud.com\/wp-content\/uploads\/Individuelle-Zuschnitte-Hand-960x640.webp\" alt=\"individuelle zuschnitte hand\" loading=\"lazy\">\n<\/div><\/div><div class=\"bde-div-25786-213 bde-div bde-preset-24d650ed-c1d8-4de7-9d4e-3f5faa648af2\">\n  \n  \n\t\n\n\n\n<div class=\"bde-video-25786-295 bde-video\">\n<div class=\"ee-video-container\">\n            <video class=\"ee-video\" src=\"https:\/\/lezaud.com\/wp-content\/uploads\/stanzen-kleben-schleifen2.mp4\"\n                               controls='true'                                                muted='true'                controlsList=\"nodownload\"                playsinline\n        >\n        <\/video>\n    \n    <\/div>\n\n<\/div><h3 class=\"bde-dual-heading-25786-236 bde-dual-heading bde-preset-592a3b2a-42c5-4375-81d4-a0d7f388bd9b\">\n\n\n            <span data-style=\"secondary\" class=\"dual-heading--secondary  \">Individuelle Zuschnitte<\/span>\n\n            <span data-style=\"primary\" class=\"dual-heading--primary  \">nach Ma\u00df \u2013 wir fertigen nach <\/span>\n\n            <span data-style=\"secondary\" class=\"dual-heading--secondary  \"> Ihren Vorgaben<\/span>\n\n\n\n<\/h3><div id=\"individuelle-fertigung-anfragen\" class=\"bde-button-25786-178 bde-button\">\n        \n    \n    \n    \n    \n            \n                    \n            \n            \n\n    \n    \n    \n    \n    \n    <a class=\"breakdance-link button-atom button-atom--primary bde-button__button\" href=\"\/de\/fertigung\/individuelle-fertigung-anfragen?produktkategorie=Individuelle%20Zuschnitte\" target=\"_self\" data-type=\"url\"  >\n\n    \n        <span class=\"button-atom__text\">Individuelle Zuschnitte anfragen<\/span>\n\n        \n        \n                <\/a>\n\n    \n\n\n<\/div>\n<\/div><\/div>\n<\/section><div class=\"bde-globalblock-25786-298 bde-globalblock\"><section class=\"bde-section-28312-100-28312-1 bde-section bde-preset-5ee289a0-4ddf-48b8-9775-898189a71547 bde-section-28312-100\">\n  \n  \n\t\n\n\n\n<div class=\"section-container\"><div class=\"bde-columns-28312-101-28312-1 bde-columns bde-columns-28312-101\"><div class=\"bde-column-28312-102-28312-1 bde-column bde-column-28312-102\">\n  \n  \n\t\n\n\n\n<div class=\"bde-badge-28312-103-28312-1 bde-badge badge-shadow bde-preset-f981a7f5-eb15-4bb0-8820-382c1db920ae bde-badge-28312-103\">\n<span >Fragen zur individuellen Fertigung?<\/span>\n<\/div><h2 class=\"bde-dual-heading-28312-104-28312-1 bde-dual-heading bde-preset-a6d6137b-7e90-42ad-8479-60bf78b35bd4 bde-dual-heading-28312-104\">\n\n\n            <span data-style=\"primary\" class=\"dual-heading--primary  \">Wir<\/span>\n\n            <span data-style=\"secondary\" class=\"dual-heading--secondary  \">beraten Sie<\/span>\n\n            <span data-style=\"primary\" class=\"dual-heading--primary  \">gerne<\/span>\n\n\n\n<\/h2><div class=\"bde-icon-list-28312-105-28312-1 bde-icon-list bde-icon-list-28312-105\">\n<ul>\n  \n              \n    <li>\n              <div class='bde-icon-list__item-wrapper'>\n      \n      <span class='bde-icon-list__icon' aria-hidden='true'>\n        <svg xmlns=\"http:\/\/www.w3.org\/2000\/svg\" viewBox=\"0 0 448 512\"><!--! Font Awesome Free 6.5.1 by @fontawesome - https:\/\/fontawesome.com License - https:\/\/fontawesome.com\/license\/free (Icons: CC BY 4.0, Fonts: SIL OFL 1.1, Code: MIT License) Copyright 2023 Fonticons, Inc. --><path d=\"M342.6 86.6c12.5-12.5 12.5-32.8 0-45.3s-32.8-12.5-45.3 0L160 178.7l-57.4-57.4c-12.5-12.5-32.8-12.5-45.3 0s-12.5 32.8 0 45.3l80 80c12.5 12.5 32.8 12.5 45.3 0l160-160zm96 128c12.5-12.5 12.5-32.8 0-45.3s-32.8-12.5-45.3 0L160 402.7 54.6 297.4c-12.5-12.5-32.8-12.5-45.3 0s-12.5 32.8 0 45.3l128 128c12.5 12.5 32.8 12.5 45.3 0l256-256z\"\/><\/svg>\n      <\/span>\n      <span class='bde-icon-list__text' >\n      individuelle Beratung\n      <\/span>\n              <\/div>\n      \n    <\/li>\n\n  \n              \n    <li>\n              <div class='bde-icon-list__item-wrapper'>\n      \n      <span class='bde-icon-list__icon' aria-hidden='true'>\n        <svg xmlns=\"http:\/\/www.w3.org\/2000\/svg\" viewBox=\"0 0 448 512\"><!--! Font Awesome Free 6.5.1 by @fontawesome - https:\/\/fontawesome.com License - https:\/\/fontawesome.com\/license\/free (Icons: CC BY 4.0, Fonts: SIL OFL 1.1, Code: MIT License) Copyright 2023 Fonticons, Inc. --><path d=\"M342.6 86.6c12.5-12.5 12.5-32.8 0-45.3s-32.8-12.5-45.3 0L160 178.7l-57.4-57.4c-12.5-12.5-32.8-12.5-45.3 0s-12.5 32.8 0 45.3l80 80c12.5 12.5 32.8 12.5 45.3 0l160-160zm96 128c12.5-12.5 12.5-32.8 0-45.3s-32.8-12.5-45.3 0L160 402.7 54.6 297.4c-12.5-12.5-32.8-12.5-45.3 0s-12.5 32.8 0 45.3l128 128c12.5 12.5 32.8 12.5 45.3 0l256-256z\"\/><\/svg>\n      <\/span>\n      <span class='bde-icon-list__text' >\n      Bedarfsanalyse\n      <\/span>\n              <\/div>\n      \n    <\/li>\n\n  \n              \n    <li>\n              <div class='bde-icon-list__item-wrapper'>\n      \n      <span class='bde-icon-list__icon' aria-hidden='true'>\n        <svg xmlns=\"http:\/\/www.w3.org\/2000\/svg\" viewBox=\"0 0 448 512\"><!--! Font Awesome Free 6.5.1 by @fontawesome - https:\/\/fontawesome.com License - https:\/\/fontawesome.com\/license\/free (Icons: CC BY 4.0, Fonts: SIL OFL 1.1, Code: MIT License) Copyright 2023 Fonticons, Inc. --><path d=\"M342.6 86.6c12.5-12.5 12.5-32.8 0-45.3s-32.8-12.5-45.3 0L160 178.7l-57.4-57.4c-12.5-12.5-32.8-12.5-45.3 0s-12.5 32.8 0 45.3l80 80c12.5 12.5 32.8 12.5 45.3 0l160-160zm96 128c12.5-12.5 12.5-32.8 0-45.3s-32.8-12.5-45.3 0L160 402.7 54.6 297.4c-12.5-12.5-32.8-12.5-45.3 0s-12.5 32.8 0 45.3l128 128c12.5 12.5 32.8 12.5 45.3 0l256-256z\"\/><\/svg>\n      <\/span>\n      <span class='bde-icon-list__text' >\n      Kostenloses Angebot\n      <\/span>\n              <\/div>\n      \n    <\/li>\n\n  <\/ul>\n\n<\/div><div class=\"bde-rich-text-28312-106-28312-1 bde-rich-text bde-rich-text-28312-106 breakdance-rich-text-styles\">\n<p>Ihr Ansprechpartner aus der B\u00fcroleitung, Einkauf, Vertrieb &amp; Beratung:<\/p><p><strong>Bernadette Gillen<\/strong><\/p>\n<\/div><div class=\"bde-div-28312-107-28312-1 bde-div bde-div-28312-107\">\n  \n  \n\t\n\n\n\n<div class=\"bde-icon-28312-108-28312-1 bde-icon bde-icon-28312-108\">\n\n    \n            <div class=\"bde-icon-icon breakdance-icon-atom\" >\n    \n                    <svg xmlns=\"http:\/\/www.w3.org\/2000\/svg\" viewBox=\"0 0 512 512\"><!--!Font Awesome Pro 6.5.1 by @fontawesome - https:\/\/fontawesome.com License - https:\/\/fontawesome.com\/license (Commercial License) Copyright 2024 Fonticons, Inc.--><path d=\"M375.8 275.2c-16.4-7-35.4-2.4-46.7 11.4l-33.2 40.6c-46-26.7-84.4-65.1-111.1-111.1L225.3 183c13.8-11.3 18.5-30.3 11.4-46.7l-48-112C181.2 6.7 162.3-3.1 143.6 .9l-112 24C13.2 28.8 0 45.1 0 64v0C0 295.2 175.2 485.6 400.1 509.5c9.8 1 19.6 1.8 29.6 2.2c0 0 0 0 0 0c0 0 .1 0 .1 0c6.1 .2 12.1 .4 18.2 .4l0 0c18.9 0 35.2-13.2 39.1-31.6l24-112c4-18.7-5.8-37.6-23.4-45.1l-112-48zM441.5 464C225.8 460.5 51.5 286.2 48.1 70.5l99.2-21.3 43 100.4L154.4 179c-18.2 14.9-22.9 40.8-11.1 61.2c30.9 53.3 75.3 97.7 128.6 128.6c20.4 11.8 46.3 7.1 61.2-11.1l29.4-35.9 100.4 43L441.5 464zM48 64v0 0 0 0 0 0 0 0 0 0 0 0 0 0 0 0 0 0 0 0 0 0 0s0 0 0 0\"\/><\/svg>\n        \n        \n        \n            <\/div>\n    \n\n\n<\/div><a class=\"bde-text-link-28312-109-28312-1 bde-text-link bde-text-link-28312-109 breakdance-link\" href=\"tel:+496851973940\" target=\"_self\" data-type=\"url\">\n  +49 6851 973940\n\n<\/a>\n<\/div>\n<\/div><div class=\"bde-column-28312-110-28312-1 bde-column bde-column-28312-110\">\n  \n  \n\t\n\n\n\n<img decoding=\"async\" class=\"bde-image2-28312-111-28312-1 bde-image2 bde-image2-28312-111\" src=\"https:\/\/lezaud.com\/wp-content\/uploads\/2025\/08\/Lezaud_Fotos_4-768x512.jpg\" loading=\"lazy\" srcset=\"https:\/\/lezaud.com\/wp-content\/uploads\/2025\/08\/Lezaud_Fotos_4-768x512.jpg 768w, https:\/\/lezaud.com\/wp-content\/uploads\/2025\/08\/Lezaud_Fotos_4-667x445.jpg 667w, https:\/\/lezaud.com\/wp-content\/uploads\/2025\/08\/Lezaud_Fotos_4-1000x667.jpg 1000w, https:\/\/lezaud.com\/wp-content\/uploads\/2025\/08\/Lezaud_Fotos_4-300x200.jpg 300w, https:\/\/lezaud.com\/wp-content\/uploads\/2025\/08\/Lezaud_Fotos_4-1024x683.jpg 1024w, https:\/\/lezaud.com\/wp-content\/uploads\/2025\/08\/Lezaud_Fotos_4-1536x1024.jpg 1536w\" sizes=\"(max-width: 768px) 100vw, 768px\">\n<\/div><\/div><\/div>\n<\/section><\/div>","protected":false},"excerpt":{"rendered":"<p>Individuelle Fertigung Individuelle Zuschnitte f\u00fcr jeden Anspruch Ob Schl\u00e4uche, Rundschn\u00fcre, Profile oder Platten \u2013 wir schneiden pr\u00e4zise, zuverl\u00e4ssig und materialgerecht f\u00fcr Ihre spezifische Anwendung.Dank moderner Schneidmaschinen und speziell entwickelter Vorrichtungen garantieren wir h\u00f6chste Ma\u00dfgenauigkeit, saubere Schnittkanten und reproduzierbare Ergebnisse \u2013 unabh\u00e4ngig von Gr\u00f6\u00dfe, Material oder Ausf\u00fchrung. Ihre Vorteile Individuelle L\u00e4ngen und Abmessungen nach Kundenwunsch Kurze [&hellip;]<\/p>\n","protected":false},"author":1,"featured_media":0,"parent":26132,"menu_order":0,"comment_status":"closed","ping_status":"closed","template":"","meta":{"_acf_changed":false,"_seopress_robots_primary_cat":"","_seopress_titles_title":"","_seopress_titles_desc":"Pr\u00e4zise Zuschnitte aus Silikon, EPDM & mehr \u2013 f\u00fcr Schl\u00e4uche, Profile und Platten. Kleinstmengen ab 1 St\u00fcck, Fertigung nach Zeichnung oder Muster.","_seopress_robots_index":"","iawp_total_views":40,"_breakdance_hide_in_design_set":false,"_breakdance_tags":"","footnotes":""},"class_list":["post-25786","page","type-page","status-publish","hentry"],"acf":[],"_links":{"self":[{"href":"https:\/\/lezaud.com\/de\/wp-json\/wp\/v2\/pages\/25786","targetHints":{"allow":["GET"]}}],"collection":[{"href":"https:\/\/lezaud.com\/de\/wp-json\/wp\/v2\/pages"}],"about":[{"href":"https:\/\/lezaud.com\/de\/wp-json\/wp\/v2\/types\/page"}],"author":[{"embeddable":true,"href":"https:\/\/lezaud.com\/de\/wp-json\/wp\/v2\/users\/1"}],"replies":[{"embeddable":true,"href":"https:\/\/lezaud.com\/de\/wp-json\/wp\/v2\/comments?post=25786"}],"version-history":[{"count":4,"href":"https:\/\/lezaud.com\/de\/wp-json\/wp\/v2\/pages\/25786\/revisions"}],"predecessor-version":[{"id":30961,"href":"https:\/\/lezaud.com\/de\/wp-json\/wp\/v2\/pages\/25786\/revisions\/30961"}],"up":[{"embeddable":true,"href":"https:\/\/lezaud.com\/de\/wp-json\/wp\/v2\/pages\/26132"}],"wp:attachment":[{"href":"https:\/\/lezaud.com\/de\/wp-json\/wp\/v2\/media?parent=25786"}],"curies":[{"name":"wp","href":"https:\/\/api.w.org\/{rel}","templated":true}]}}