{"id":3110,"date":"2025-07-16T09:42:20","date_gmt":"2025-07-16T05:42:20","guid":{"rendered":"https:\/\/lezaud.cs-dev.wpspace-server.de\/about-us\/"},"modified":"2026-04-16T10:42:21","modified_gmt":"2026-04-16T08:42:21","slug":"ueber-uns","status":"publish","type":"page","link":"https:\/\/lezaud.com\/de\/ueber-uns\/","title":{"rendered":"\u00dcber uns"},"content":{"rendered":"<section class=\"bde-section-3110-328 bde-section bde-preset-42b27a94-dbbd-4300-ac9a-05acd1b81ffc\">\n  \n  \n\t\n\n\n\n<div class=\"section-container\"><div class=\"bde-div-3110-329 bde-div\">\n  \n  \n\t\n\n\n\n<div class=\"bde-badge-3110-330 bde-badge bde-preset-6e94d522-3a6e-4e4d-a6d0-c6340039988f\">\n<span >\u00dcber uns<\/span>\n<\/div><h1 class=\"bde-dual-heading-3110-491 bde-dual-heading bde-preset-a6d6137b-7e90-42ad-8479-60bf78b35bd4\">\n\n\n            <span data-style=\"primary\" class=\"dual-heading--primary  \">Kompetenz in<\/span>\n\n            <span data-style=\"secondary\" class=\"dual-heading--secondary  \">Elastomeren.<\/span>\n\n            <span data-style=\"primary\" class=\"dual-heading--primary  \"> Seit 1996<\/span>\n\n\n\n<\/h1><div class=\"bde-text-3110-332 bde-text\">\nSeit \u00fcber 25 Jahren entwickeln und liefern wir hochwertige L\u00f6sungen aus Gummi und Kunststoffen \u2013 pr\u00e4zise, zuverl\u00e4ssig und individuell auf Ihre Anwendung abgestimmt.\n<\/div>\n<\/div><img decoding=\"async\" class=\"bde-image2-3110-495 bde-image2\" src=\"https:\/\/lezaud.com\/wp-content\/uploads\/Lezaud-Teamfoto.webp\" alt=\"Das Team hinter Lezaud AET\" srcset=\"https:\/\/lezaud.com\/wp-content\/uploads\/Lezaud-Teamfoto.webp 1200w, https:\/\/lezaud.com\/wp-content\/uploads\/Lezaud-Teamfoto-960x640.webp 960w, https:\/\/lezaud.com\/wp-content\/uploads\/Lezaud-Teamfoto-150x100.webp 150w, https:\/\/lezaud.com\/wp-content\/uploads\/Lezaud-Teamfoto-768x512.webp 768w, https:\/\/lezaud.com\/wp-content\/uploads\/Lezaud-Teamfoto-667x445.webp 667w, https:\/\/lezaud.com\/wp-content\/uploads\/Lezaud-Teamfoto-1000x667.webp 1000w\" sizes=\"(max-width: 1200px) 100vw, 1200px\"><div class=\"bde-div-3110-338 bde-div\" data-entrance=\"fade\">\n  \n  \n\t\n\n\n\n<div class=\"bde-globalblock-3110-492 bde-globalblock\"><div class=\"bde-div-12329-100-12329-1 bde-div bde-div-12329-100\">\n  \n  \n\t\n\n\n\n<h3 class=\"bde-heading-12329-101-12329-1 bde-heading bde-heading-12329-101\">\nKunden und Partner, mit denen wir zusammenarbeiten.\n<\/h3><div class=\"bde-logo-list-12329-102-12329-1 bde-logo-list bde-logo-list-12329-102 gradient-overlay__both un-static-image-grid\">\n\n                    <div class=\"un-logo-bar__logo-wrapper\">\n          <img decoding=\"async\" class=\"breakdance-image-object\" src=\"https:\/\/lezaud.com\/wp-content\/uploads\/2025\/12\/Schrage-logo.svg\" width=\"300\" height=\"150\">\n        <\/div>\n                          <div class=\"un-logo-bar__logo-wrapper\">\n          <img decoding=\"async\" class=\"breakdance-image-object\" src=\"https:\/\/lezaud.com\/wp-content\/uploads\/2025\/12\/Memmert-Logo-ws.png\" width=\"300\" height=\"86\" sizes=\"(max-width: 300px) 100vw, 300px\">\n        <\/div>\n                          <div class=\"un-logo-bar__logo-wrapper\">\n          <img decoding=\"async\" class=\"breakdance-image-object\" src=\"https:\/\/lezaud.com\/wp-content\/uploads\/2025\/12\/Imerys-logo-white.svg\" width=\"300\" height=\"88\" alt=\"Imerys Logo\">\n        <\/div>\n                          <div class=\"un-logo-bar__logo-wrapper\">\n          <img decoding=\"async\" class=\"breakdance-image-object\" src=\"https:\/\/lezaud.com\/wp-content\/uploads\/2025\/12\/Eka-ws.svg\" width=\"300\" height=\"115\" alt=\"Eka - A Sphering Company\">\n        <\/div>\n                <\/div>\n<\/div><\/div>\n<\/div><\/div>\n<\/section><section class=\"bde-section-3110-383 bde-section\">\n  \n  \n\t\n\n\n\n<div class=\"section-container\"><div class=\"bde-columns-3110-384 bde-columns\"><div class=\"bde-column-3110-393 bde-column\" data-entrance=\"slideRight\">\n  \n  \n\t\n\n\n\n<div class=\"bde-div-3110-394 bde-div\">\n  \n  \n\t\n\n\n\n<div class=\"bde-badge-3110-395 bde-badge badge-outline bde-preset-f981a7f5-eb15-4bb0-8820-382c1db920ae\">\n<span >25+ Jahre Erfahrung<\/span>\n<\/div><h2 class=\"bde-dual-heading-3110-519 bde-dual-heading bde-preset-592a3b2a-42c5-4375-81d4-a0d7f388bd9b\">\n\n\n            <span data-style=\"primary\" class=\"dual-heading--primary  \">Unsere<\/span>\n\n            <span data-style=\"secondary\" class=\"dual-heading--secondary  \">Geschichte<\/span>\n\n\n\n<\/h2><div class=\"bde-text-3110-397 bde-text\">\nSeit der Gr\u00fcndung im Jahr 1996 steht L\u00e9zaud f\u00fcr technische Pr\u00e4zision, Materialkompetenz und partnerschaftliche Zusammenarbeit. Was als spezialisiertes Handelsunternehmen f\u00fcr Labor-, Medizin- und Industriebedarf begann, hat sich \u00fcber die Jahre zu einem verl\u00e4sslichen Ansprechpartner f\u00fcr hochwertige Elastomer- und Kunststoffl\u00f6sungen entwickelt.<br><br>Unsere Geschichte ist gepr\u00e4gt von kontinuierlichem Wachstum, technischer Weiterentwicklung und einem klaren Anspruch: Kunden nicht nur Produkte zu liefern, sondern L\u00f6sungen, die exakt zur jeweiligen Anwendung passen. Dieses Verst\u00e4ndnis begleitet uns bis heute \u2013 in jedem Projekt, jeder Beratung und jeder Sonderanfertigung.\n<\/div>\n<\/div>\n<\/div><div class=\"bde-column-3110-385 bde-column\">\n  \n  \n\t\n\n\n\n<div class=\"autogenerated-blce-stackingcards-3110-520 autogenerated-blce-stackingcards\">\n<div class=\"cardwrapper\">\n    \n    <div class=\"card \"\n         style=\"background-color: #FFFFFFFF;\">\n                       \n        <span class=\"stackcardtitle\">1996<\/span>\n        <span class=\"cardcontent\"><p><strong>Gr\u00fcndung von L\u00e9zaud<\/strong><\/p><p>Start als Personengesellschaft mit Fokus auf Labor-, Medizin- und Industriebedarf.<\/p><\/span>\n               \n    <\/div>\n    \n    <div class=\"card \"\n         style=\"background-color: #FFFFFFFF;\">\n                       \n        <span class=\"stackcardtitle\">1998<\/span>\n        <span class=\"cardcontent\"><p><strong>Umfirmierung zur L\u00e9zaud &amp; Co. GmbH<\/strong><\/p><p>Mit Sitz in Marpingen und Raymond L\u00e9zaud als Gesch\u00e4ftsf\u00fchrer fokussiert sich das Unternehmen auf die Lieferung hochwertiger Produkte aus Gummi und Kunststoffen.<\/p><p>Das Portfolio umfasst L\u00f6sungen aus Viton\u00ae, Silikon, PTFE, Santoprene\u00ae sowie weiteren thermoplastischen Elastomeren \u2013 in unterschiedlichsten Geometrien und Ausf\u00fchrungen.<\/p><\/span>\n               \n    <\/div>\n    \n    <div class=\"card \"\n         style=\"background-color: #FFFFFFFF;\">\n                       \n        <span class=\"stackcardtitle\">2012<\/span>\n        <span class=\"cardcontent\"><p><strong>Strukturelle Trennung &amp; Wachstum<\/strong><\/p><p>Umzug in gr\u00f6\u00dfere R\u00e4umlichkeiten und organisatorische Neuausrichtung: Seit dem 19.12.2012 wird zwischen der <strong>Vertriebsfirma AET L\u00e9zaud GmbH<\/strong> und der <strong>Manufaktur L\u00e9zaud &amp; Co. GmbH<\/strong> unterschieden.<\/p><p>Mit Nicolas L\u00e9zaud als Gesch\u00e4ftsf\u00fchrer w\u00e4chst das Unternehmen kontinuierlich auf \u00fcber zehn Mitarbeiter.<\/p><\/span>\n               \n    <\/div>\n    \n    <div class=\"card \"\n         style=\"background-color: #FFFFFFFF;\">\n                       \n        <span class=\"stackcardtitle\">2017<\/span>\n        <span class=\"cardcontent\"><p><strong>Eigene Lagerhalle &amp; neue Infrastruktur<\/strong><\/p><p>Umzug des Vertriebsb\u00fcros und der Lagerst\u00e4tte in die eigens errichtete Lagerhalle mit integriertem B\u00fcrotrakt im Industriegebiet Hottenwald in St. Wendel-Bliesen.<\/p><p>Ein wichtiger Schritt f\u00fcr effizientere Prozesse, gr\u00f6\u00dfere Lagerkapazit\u00e4ten und weiteres Wachstum.<\/p><\/span>\n               \n    <\/div>\n    \n    <div class=\"card \"\n         style=\"background-color: #FFFFFFFF;\">\n                       \n        <span class=\"stackcardtitle\">Heute<\/span>\n        <span class=\"cardcontent\"><p><strong>Erfahrung, Team &amp; individuelle L\u00f6sungen<\/strong><\/p><p>Heute arbeiten \u00fcber 12 Mitarbeiter t\u00e4glich daran, mit mehr als 25 Jahren Erfahrung hochwertige L\u00f6sungen f\u00fcr unsere Kunden zu realisieren.<br \/>Unsere Kernkompetenzen liegen in den Materialien <strong>Viton\u00ae, Silikon, PTFE, Santoprene\u00ae<\/strong> sowie weiteren thermoplastischen Elastomeren.<\/p><p>Ob Schl\u00e4uche, Vierkantprofile, Rundschn\u00fcre, Sonderprofile, Stopfen oder Plattenware \u2013 wir liefern passgenaue L\u00f6sungen f\u00fcr unterschiedlichste Anforderungen. Der Fokus liegt dabei auf kundenspezifischen Entwicklungen in der Fluid- und Dichtungstechnik f\u00fcr <strong>Chemie &amp; Petrochemie, Labor, Medizin &amp; Pharmazie, Lebensmitteltechnik<\/strong> sowie <strong>Industrie &amp; Technologie<\/strong>.<\/p><p>Durch enge Zusammenarbeit mit Universit\u00e4ten und Forschungseinrichtungen entstehen innovative Produkte.<br \/>Pers\u00f6nliche Beratung und individuelle L\u00f6sungen stehen dabei stets im Mittelpunkt \u2013 unabh\u00e4ngig von Unternehmensgr\u00f6\u00dfe oder Projektumfang.<\/p><\/span>\n               \n    <\/div>\n  <\/div>\n\n<\/div>\n<\/div><\/div><\/div>\n<\/section><section class=\"bde-section-3110-150 bde-section\">\n  \n  \n\t\n\n\n\n<div class=\"section-container\"><div class=\"bde-div-3110-151 bde-div\">\n  \n  \n\t\n\n\n\n<div class=\"bde-badge-3110-152 bde-badge badge-outline bde-preset-334a82f6-e69c-4863-ac46-72303bade4f9\">\n<span >Fachwissen aus Praxis & Anwendung<\/span>\n<\/div><h2 class=\"bde-dual-heading-3110-518 bde-dual-heading bde-preset-a6d6137b-7e90-42ad-8479-60bf78b35bd4\">\n\n\n            <span data-style=\"primary\" class=\"dual-heading--primary  \">Das<\/span>\n\n            <span data-style=\"secondary\" class=\"dual-heading--secondary  \">Team<\/span>\n\n            <span data-style=\"primary\" class=\"dual-heading--primary  \">hinter unseren L\u00f6sungen<\/span>\n\n\n\n<\/h2><div class=\"bde-text-3110-154 bde-text\">\nEin erfahrenes Team, das technische Kompetenz mit pers\u00f6nlicher Beratung verbindet \u2013 f\u00fcr passgenaue L\u00f6sungen und verl\u00e4ssliche Ergebnisse.\n<\/div>\n<\/div><div class=\"bde-grid-3110-496 bde-grid\">\n  \n  \n\t\n\n\n\n<div class=\"bde-div-3110-446 bde-div\">\n  \n  \n\t\n\n\n\n<img decoding=\"async\" class=\"bde-image2-3110-447 bde-image2\" src=\"https:\/\/lezaud.com\/wp-content\/uploads\/Nicholas-Lezaud-Portrait.webp\" alt=\"Nicholas Lezaud\" loading=\"lazy\" srcset=\"https:\/\/lezaud.com\/wp-content\/uploads\/Nicholas-Lezaud-Portrait.webp 750w, https:\/\/lezaud.com\/wp-content\/uploads\/Nicholas-Lezaud-Portrait-150x150.webp 150w, https:\/\/lezaud.com\/wp-content\/uploads\/Nicholas-Lezaud-Portrait-300x300.webp 300w, https:\/\/lezaud.com\/wp-content\/uploads\/Nicholas-Lezaud-Portrait-50x50.webp 50w, https:\/\/lezaud.com\/wp-content\/uploads\/Nicholas-Lezaud-Portrait-100x100.webp 100w\" sizes=\"(max-width: 750px) 100vw, 750px\"><h3 class=\"bde-heading-3110-448 bde-heading\">\nNicolas L\u00e9zaud\n<\/h3><div class=\"bde-rich-text-3110-449 bde-rich-text breakdance-rich-text-styles\">\n<p>Gesch\u00e4ftsf\u00fchrer<\/p><p>Tel: <a href=\"tel:+496851973940\">+49 6851 97394-0<\/a><br \/>E-Mail: <a href=\"\/de\/kontakt\/\">industrie@lezaud.de<\/a><\/p>\n<\/div>\n<\/div><div class=\"bde-div-3110-450 bde-div\">\n  \n  \n\t\n\n\n\n<img decoding=\"async\" class=\"bde-image2-3110-451 bde-image2\" src=\"https:\/\/lezaud.com\/wp-content\/uploads\/Christine-Lezaud-Portrait.webp\" alt=\"Christine Lezaud\" loading=\"lazy\" srcset=\"https:\/\/lezaud.com\/wp-content\/uploads\/Christine-Lezaud-Portrait.webp 750w, https:\/\/lezaud.com\/wp-content\/uploads\/Christine-Lezaud-Portrait-150x150.webp 150w, https:\/\/lezaud.com\/wp-content\/uploads\/Christine-Lezaud-Portrait-300x300.webp 300w, https:\/\/lezaud.com\/wp-content\/uploads\/Christine-Lezaud-Portrait-50x50.webp 50w, https:\/\/lezaud.com\/wp-content\/uploads\/Christine-Lezaud-Portrait-100x100.webp 100w\" sizes=\"(max-width: 750px) 100vw, 750px\"><h3 class=\"bde-heading-3110-452 bde-heading\">\nChristine L\u00e9zaud\n<\/h3><div class=\"bde-rich-text-3110-453 bde-rich-text breakdance-rich-text-styles\">\n<p>Prokuristin, Vertrieb &amp; Beratung<\/p><p>Tel: <a href=\"tel:+4968519739417\">+49 6851 97394-17<\/a><br \/>E-Mail: <a href=\"\/de\/kontakt\/\">christine@lezaud.de<\/a><\/p>\n<\/div>\n<\/div><div class=\"bde-div-3110-454 bde-div\">\n  \n  \n\t\n\n\n\n<img decoding=\"async\" class=\"bde-image2-3110-455 bde-image2\" src=\"https:\/\/lezaud.com\/wp-content\/uploads\/Alexander-Willer.webp\" alt=\"Alexander Willer\" loading=\"lazy\" srcset=\"https:\/\/lezaud.com\/wp-content\/uploads\/Alexander-Willer.webp 750w, https:\/\/lezaud.com\/wp-content\/uploads\/Alexander-Willer-150x150.webp 150w, https:\/\/lezaud.com\/wp-content\/uploads\/Alexander-Willer-12x12.webp 12w, https:\/\/lezaud.com\/wp-content\/uploads\/Alexander-Willer-300x300.webp 300w\" sizes=\"(max-width: 750px) 100vw, 750px\"><h3 class=\"bde-heading-3110-456 bde-heading\">\nAlexander Willer\n<\/h3><div class=\"bde-rich-text-3110-457 bde-rich-text breakdance-rich-text-styles\">\n<p>Dipl.-Ing. Kunststofftechnik, Account-Manager<\/p><p>Tel: <a href=\"tel:+4968519739419\">+49 6851 97394-19<\/a><br \/>E-Mail: <a href=\"\/de\/kontakt\/\">a.willer@lezaud.de<\/a><\/p>\n<\/div>\n<\/div><div class=\"bde-div-3110-458 bde-div\">\n  \n  \n\t\n\n\n\n<img decoding=\"async\" class=\"bde-image2-3110-459 bde-image2\" src=\"https:\/\/lezaud.com\/wp-content\/uploads\/Bernadette-Gillen-Portrait-2.webp\" alt=\"Bernadette Gillen\" loading=\"lazy\" srcset=\"https:\/\/lezaud.com\/wp-content\/uploads\/Bernadette-Gillen-Portrait-2.webp 750w, https:\/\/lezaud.com\/wp-content\/uploads\/Bernadette-Gillen-Portrait-2-150x150.webp 150w, https:\/\/lezaud.com\/wp-content\/uploads\/Bernadette-Gillen-Portrait-2-300x300.webp 300w, https:\/\/lezaud.com\/wp-content\/uploads\/Bernadette-Gillen-Portrait-2-50x50.webp 50w, https:\/\/lezaud.com\/wp-content\/uploads\/Bernadette-Gillen-Portrait-2-100x100.webp 100w\" sizes=\"(max-width: 750px) 100vw, 750px\"><h3 class=\"bde-heading-3110-460 bde-heading\">\nBernadette Gillen\n<\/h3><div class=\"bde-rich-text-3110-461 bde-rich-text breakdance-rich-text-styles\">\n<p>B\u00fcroleitung, Einkauf, Vertrieb &amp; Beratung<\/p><p>Tel: <a href=\"tel:+496851973940\">+49 6851 97394-0<\/a><br \/>E-Mail: <a href=\"\/de\/kontakt\/\">industrie@lezaud.de<\/a><\/p>\n<\/div>\n<\/div><div class=\"bde-div-3110-483 bde-div\">\n  \n  \n\t\n\n\n\n<img decoding=\"async\" class=\"bde-image2-3110-484 bde-image2\" src=\"https:\/\/lezaud.com\/wp-content\/uploads\/Andrea-Kamu-Portrait.webp\" alt=\"Andrea Kamu\" loading=\"lazy\" srcset=\"https:\/\/lezaud.com\/wp-content\/uploads\/Andrea-Kamu-Portrait.webp 750w, https:\/\/lezaud.com\/wp-content\/uploads\/Andrea-Kamu-Portrait-150x150.webp 150w, https:\/\/lezaud.com\/wp-content\/uploads\/Andrea-Kamu-Portrait-300x300.webp 300w, https:\/\/lezaud.com\/wp-content\/uploads\/Andrea-Kamu-Portrait-50x50.webp 50w, https:\/\/lezaud.com\/wp-content\/uploads\/Andrea-Kamu-Portrait-100x100.webp 100w\" sizes=\"(max-width: 750px) 100vw, 750px\"><h3 class=\"bde-heading-3110-485 bde-heading\">\nAndrea Kamu\n<\/h3><div class=\"bde-rich-text-3110-486 bde-rich-text breakdance-rich-text-styles\">\n<p>Auftragsabwicklung &amp; Innendienst<\/p><p>Tel: <a href=\"tel:+4968519739422\">+49 6851 97394-22<\/a><br \/>E-Mail: <a href=\"\/de\/kontakt\/\">a.kamu@lezaud.de<\/a><\/p>\n<\/div>\n<\/div><div class=\"bde-div-3110-487 bde-div\">\n  \n  \n\t\n\n\n\n<img decoding=\"async\" class=\"bde-image2-3110-488 bde-image2\" src=\"https:\/\/lezaud.com\/wp-content\/uploads\/Dagmar-Portrait.webp\" alt=\"Dagmar Sch\u00fctz\" loading=\"lazy\" srcset=\"https:\/\/lezaud.com\/wp-content\/uploads\/Dagmar-Portrait.webp 750w, https:\/\/lezaud.com\/wp-content\/uploads\/Dagmar-Portrait-150x150.webp 150w, https:\/\/lezaud.com\/wp-content\/uploads\/Dagmar-Portrait-300x300.webp 300w, https:\/\/lezaud.com\/wp-content\/uploads\/Dagmar-Portrait-50x50.webp 50w, https:\/\/lezaud.com\/wp-content\/uploads\/Dagmar-Portrait-100x100.webp 100w\" sizes=\"(max-width: 750px) 100vw, 750px\"><h3 class=\"bde-heading-3110-489 bde-heading\">\nDagmar Sch\u00fctz\n<\/h3><div class=\"bde-rich-text-3110-490 bde-rich-text breakdance-rich-text-styles\">\n<p>Auftragsabwicklung, Vertrieb &amp; Beratung<\/p><p>Tel: <a href=\"tel:+4968519739421\">+49 6851 97394-21<\/a><br \/>E-Mail: <a href=\"\/de\/kontakt\/\">d.schuetz@lezaud.de<\/a><\/p>\n<\/div>\n<\/div><div class=\"bde-div-3110-498 bde-div\">\n  \n  \n\t\n\n\n\n<img decoding=\"async\" class=\"bde-image2-3110-499 bde-image2\" src=\"https:\/\/lezaud.com\/wp-content\/uploads\/Anne-Hippchen-Portrait.webp\" alt=\"Anne Hippchen\" loading=\"lazy\" srcset=\"https:\/\/lezaud.com\/wp-content\/uploads\/Anne-Hippchen-Portrait.webp 750w, https:\/\/lezaud.com\/wp-content\/uploads\/Anne-Hippchen-Portrait-150x150.webp 150w, https:\/\/lezaud.com\/wp-content\/uploads\/Anne-Hippchen-Portrait-300x300.webp 300w, https:\/\/lezaud.com\/wp-content\/uploads\/Anne-Hippchen-Portrait-50x50.webp 50w, https:\/\/lezaud.com\/wp-content\/uploads\/Anne-Hippchen-Portrait-100x100.webp 100w\" sizes=\"(max-width: 750px) 100vw, 750px\"><h3 class=\"bde-heading-3110-500 bde-heading\">\nAnne Hippchen\n<\/h3><div class=\"bde-rich-text-3110-501 bde-rich-text breakdance-rich-text-styles\">\n<p>Auftragsabwicklung &amp; Innendienst<\/p><p>Tel: <a href=\"tel:004968519739427\">+49 6851 97394-27<\/a><br \/>E-Mail: <a href=\"\/de\/kontakt\/\">a.hippchen@lezaud.de<\/a><\/p>\n<\/div>\n<\/div><div class=\"bde-div-3110-502 bde-div\">\n  \n  \n\t\n\n\n\n<img decoding=\"async\" class=\"bde-image2-3110-503 bde-image2\" src=\"https:\/\/lezaud.com\/wp-content\/uploads\/Monika-Brill-Portrait.webp\" alt=\"Monika Brill\" loading=\"lazy\" srcset=\"https:\/\/lezaud.com\/wp-content\/uploads\/Monika-Brill-Portrait.webp 750w, https:\/\/lezaud.com\/wp-content\/uploads\/Monika-Brill-Portrait-150x150.webp 150w, https:\/\/lezaud.com\/wp-content\/uploads\/Monika-Brill-Portrait-300x300.webp 300w, https:\/\/lezaud.com\/wp-content\/uploads\/Monika-Brill-Portrait-50x50.webp 50w, https:\/\/lezaud.com\/wp-content\/uploads\/Monika-Brill-Portrait-100x100.webp 100w\" sizes=\"(max-width: 750px) 100vw, 750px\"><h3 class=\"bde-heading-3110-504 bde-heading\">\nMonika Brill\n<\/h3><div class=\"bde-rich-text-3110-505 bde-rich-text breakdance-rich-text-styles\">\n<p>Rechnungswesen &amp; Buchhaltung<\/p><p>Tel: <a href=\"tel:+4968519739424\">+49 6851 97394-24<\/a><br \/>E-Mail: <a href=\"\/de\/kontakt\/\">m.brill@lezaud.de<\/a><\/p>\n<\/div>\n<\/div><div class=\"bde-div-3110-506 bde-div\">\n  \n  \n\t\n\n\n\n<img decoding=\"async\" class=\"bde-image2-3110-507 bde-image2\" src=\"https:\/\/lezaud.com\/wp-content\/uploads\/Helmar-Portrait.webp\" alt=\"Helmar Recktenwald\" loading=\"lazy\" srcset=\"https:\/\/lezaud.com\/wp-content\/uploads\/Helmar-Portrait.webp 1000w, https:\/\/lezaud.com\/wp-content\/uploads\/Helmar-Portrait-960x960.webp 960w, https:\/\/lezaud.com\/wp-content\/uploads\/Helmar-Portrait-150x150.webp 150w, https:\/\/lezaud.com\/wp-content\/uploads\/Helmar-Portrait-768x768.webp 768w, https:\/\/lezaud.com\/wp-content\/uploads\/Helmar-Portrait-300x300.webp 300w, https:\/\/lezaud.com\/wp-content\/uploads\/Helmar-Portrait-50x50.webp 50w, https:\/\/lezaud.com\/wp-content\/uploads\/Helmar-Portrait-100x100.webp 100w\" sizes=\"(max-width: 1000px) 100vw, 1000px\"><h3 class=\"bde-heading-3110-508 bde-heading\">\nHelmar Recktenwald\n<\/h3><div class=\"bde-rich-text-3110-509 bde-rich-text breakdance-rich-text-styles\">\n<p>Technik &amp; Produktion<\/p><p>Tel: <a href=\"tel:+4968519739429\">+49 6851 97394-29<\/a><br \/>E-Mail: <a href=\"\/de\/kontakt\/\">h.recktenwald@lezaud.de<\/a><\/p>\n<\/div>\n<\/div><div class=\"bde-div-3110-510 bde-div\">\n  \n  \n\t\n\n\n\n<img decoding=\"async\" class=\"bde-image2-3110-511 bde-image2\" src=\"https:\/\/lezaud.com\/wp-content\/uploads\/Daniel-Skwara-Portrait.webp\" alt=\"Daniel Skwara\" loading=\"lazy\" srcset=\"https:\/\/lezaud.com\/wp-content\/uploads\/Daniel-Skwara-Portrait.webp 750w, https:\/\/lezaud.com\/wp-content\/uploads\/Daniel-Skwara-Portrait-150x150.webp 150w, https:\/\/lezaud.com\/wp-content\/uploads\/Daniel-Skwara-Portrait-300x300.webp 300w, https:\/\/lezaud.com\/wp-content\/uploads\/Daniel-Skwara-Portrait-50x50.webp 50w, https:\/\/lezaud.com\/wp-content\/uploads\/Daniel-Skwara-Portrait-100x100.webp 100w\" sizes=\"(max-width: 750px) 100vw, 750px\"><h3 class=\"bde-heading-3110-512 bde-heading\">\nDaniel Skwara\n<\/h3><div class=\"bde-rich-text-3110-541 bde-rich-text breakdance-rich-text-styles\">\n<p>Assistent der GF, Qualit\u00e4tsmanager<\/p><p>Tel: <a href=\"tel:+4968519739416\">+49 6851 97394-16<\/a><br \/>E-Mail: <a href=\"\/de\/kontakt\/\">d.skwara@lezaud.de<\/a><\/p>\n<\/div>\n<\/div><div class=\"bde-div-3110-514 bde-div\">\n  \n  \n\t\n\n\n\n<img decoding=\"async\" class=\"bde-image2-3110-515 bde-image2\" src=\"https:\/\/lezaud.com\/wp-content\/uploads\/Ibrahim-Kocka-Portrait.webp\" alt=\"Ibrahim Kocka\" loading=\"lazy\" srcset=\"https:\/\/lezaud.com\/wp-content\/uploads\/Ibrahim-Kocka-Portrait.webp 750w, https:\/\/lezaud.com\/wp-content\/uploads\/Ibrahim-Kocka-Portrait-150x150.webp 150w, https:\/\/lezaud.com\/wp-content\/uploads\/Ibrahim-Kocka-Portrait-300x300.webp 300w, https:\/\/lezaud.com\/wp-content\/uploads\/Ibrahim-Kocka-Portrait-50x50.webp 50w, https:\/\/lezaud.com\/wp-content\/uploads\/Ibrahim-Kocka-Portrait-100x100.webp 100w\" sizes=\"(max-width: 750px) 100vw, 750px\"><h3 class=\"bde-heading-3110-516 bde-heading\">\nIbrahim Kocka\n<\/h3><div class=\"bde-rich-text-3110-542 bde-rich-text breakdance-rich-text-styles\">\n<p>Lager &amp; Produktion<\/p><p>Tel: <a href=\"tel:+496851973940\">+49 6851 97394-0<\/a><br \/>E-Mail: <a href=\"\/de\/kontakt\/\">industrie@lezaud.de<\/a><\/p>\n<\/div>\n<\/div>\n<\/div><\/div>\n<\/section><section class=\"bde-section-3110-313 bde-section\">\n  \n  \n\t\n\n\n\n<div class=\"section-container\"><div class=\"bde-columns-3110-537 bde-columns\"><div class=\"bde-column-3110-538 bde-column\">\n  \n  \n\t\n\n\n\n<div class=\"bde-badge-3110-422 bde-badge badge-shadow bde-preset-f981a7f5-eb15-4bb0-8820-382c1db920ae\">\n<span >Pers\u00f6nliche Beratung<\/span>\n<\/div><h2 class=\"bde-dual-heading-3110-423 bde-dual-heading\">\n\n\n            <span data-style=\"primary\" class=\"dual-heading--primary  \">Lassen Sie uns<\/span>\n\n            <span data-style=\"secondary\" class=\"dual-heading--secondary  \">\u00fcber Ihre Anwendung sprechen<\/span>\n\n\n\n<\/h2><div class=\"bde-text-3110-424 bde-text\">\nOb Standardprodukt oder individuelle Sonderl\u00f6sung \u2013 wir beraten Sie pers\u00f6nlich und finden die passende L\u00f6sung.\n<\/div><div class=\"bde-button-3110-536 bde-button\">\n        \n    \n    \n    \n    \n            \n                    \n            \n            \n\n    \n    \n    \n    \n    \n    <a class=\"breakdance-link button-atom button-atom--primary bde-button__button\" href=\"\/de\/kontakt\/\" target=\"_self\" data-type=\"url\"  >\n\n    \n        <span class=\"button-atom__text\">Jetzt beraten lassen<\/span>\n\n        \n        \n                <\/a>\n\n    \n\n\n<\/div>\n<\/div><div class=\"bde-column-3110-539 bde-column\">\n  \n  \n\t\n\n\n\n<img decoding=\"async\" class=\"bde-image2-3110-540 bde-image2\" src=\"https:\/\/lezaud.com\/wp-content\/uploads\/2025\/08\/Lezaud_Fotos_4-768x512.jpg\" loading=\"lazy\" srcset=\"https:\/\/lezaud.com\/wp-content\/uploads\/2025\/08\/Lezaud_Fotos_4-768x512.jpg 768w, https:\/\/lezaud.com\/wp-content\/uploads\/2025\/08\/Lezaud_Fotos_4-667x445.jpg 667w, https:\/\/lezaud.com\/wp-content\/uploads\/2025\/08\/Lezaud_Fotos_4-1000x667.jpg 1000w, https:\/\/lezaud.com\/wp-content\/uploads\/2025\/08\/Lezaud_Fotos_4-300x200.jpg 300w, https:\/\/lezaud.com\/wp-content\/uploads\/2025\/08\/Lezaud_Fotos_4-1024x683.jpg 1024w, https:\/\/lezaud.com\/wp-content\/uploads\/2025\/08\/Lezaud_Fotos_4-1536x1024.jpg 1536w\" sizes=\"(max-width: 768px) 100vw, 768px\">\n<\/div><\/div><\/div>\n<\/section>","protected":false},"excerpt":{"rendered":"<p>\u00dcber uns Kompetenz in Elastomeren. Seit 1996 Seit \u00fcber 25 Jahren entwickeln und liefern wir hochwertige L\u00f6sungen aus Gummi und Kunststoffen \u2013 pr\u00e4zise, zuverl\u00e4ssig und individuell auf Ihre Anwendung abgestimmt. Kunden und Partner, mit denen wir zusammenarbeiten. 25+ Jahre Erfahrung Unsere Geschichte Seit der Gr\u00fcndung im Jahr 1996 steht L\u00e9zaud f\u00fcr technische Pr\u00e4zision, Materialkompetenz und [&hellip;]<\/p>\n","protected":false},"author":1,"featured_media":0,"parent":0,"menu_order":0,"comment_status":"closed","ping_status":"closed","template":"","meta":{"_acf_changed":false,"_seopress_robots_primary_cat":"","_seopress_titles_title":"","_seopress_titles_desc":"Seit 1996 Ihr Spezialist f\u00fcr Elastomere & Dichtungstechnik. Famili\u00e4res Team, eigene Lagerhaltung und individuelle L\u00f6sungen f\u00fcr Labor, Pharma & Industrie.","_seopress_robots_index":"","iawp_total_views":90,"_breakdance_hide_in_design_set":false,"_breakdance_tags":"","footnotes":""},"class_list":["post-3110","page","type-page","status-publish","hentry"],"acf":[],"_links":{"self":[{"href":"https:\/\/lezaud.com\/de\/wp-json\/wp\/v2\/pages\/3110","targetHints":{"allow":["GET"]}}],"collection":[{"href":"https:\/\/lezaud.com\/de\/wp-json\/wp\/v2\/pages"}],"about":[{"href":"https:\/\/lezaud.com\/de\/wp-json\/wp\/v2\/types\/page"}],"author":[{"embeddable":true,"href":"https:\/\/lezaud.com\/de\/wp-json\/wp\/v2\/users\/1"}],"replies":[{"embeddable":true,"href":"https:\/\/lezaud.com\/de\/wp-json\/wp\/v2\/comments?post=3110"}],"version-history":[{"count":5,"href":"https:\/\/lezaud.com\/de\/wp-json\/wp\/v2\/pages\/3110\/revisions"}],"predecessor-version":[{"id":30294,"href":"https:\/\/lezaud.com\/de\/wp-json\/wp\/v2\/pages\/3110\/revisions\/30294"}],"wp:attachment":[{"href":"https:\/\/lezaud.com\/de\/wp-json\/wp\/v2\/media?parent=3110"}],"curies":[{"name":"wp","href":"https:\/\/api.w.org\/{rel}","templated":true}]}}