{"id":3950,"date":"2025-07-16T09:42:18","date_gmt":"2025-07-16T05:42:18","guid":{"rendered":"https:\/\/lezaud.cs-dev.wpspace-server.de\/terms-of-services\/"},"modified":"2026-03-31T17:38:20","modified_gmt":"2026-03-31T13:38:20","slug":"lieferbedingungen","status":"publish","type":"page","link":"https:\/\/lezaud.com\/de\/lieferbedingungen\/","title":{"rendered":"Verkaufs- und Lieferbedingungen"},"content":{"rendered":"<section class=\"bde-section-3950-124 bde-section\">\n  \n  \n\t\n\n\n\n<div class=\"section-container\"><h1 class=\"bde-heading-3950-125 bde-heading\">\nVerkaufs- und Lieferbedingungen\n<\/h1><div class=\"bde-rich-text-3950-126 bde-rich-text breakdance-rich-text-styles\">\n<h3>1. Geltungsbereich<\/h3><p>F\u00fcr s\u00e4mtliche Vertragsbeziehungen zwischen der AET Lezaud\u00ae GmbH (nachfolgend Verk\u00e4ufer genannt) und dem K\u00e4ufer gelten ausschlie\u00dflich die nachfolgenden allgemeinen Verkaufs- und Lieferbedingungen, auch wenn der K\u00e4ufer eigene abweichende Bedingungen mitteilt ohne dass ausdr\u00fccklicher Widerspruch des Verk\u00e4ufers hiergegen erforderlich ist. Abweichende Vorschriften oder Abreden sind f\u00fcr uns nur dann verbindlich, wenn wir sie ausdr\u00fccklich schriftlich anerkennen. Alle Angebote sind ausschlie\u00dflich f\u00fcr gewerbliche Kunden bestimmt.<\/p><p>Mit der Auftragserteilung erkennt der K\u00e4ufer unsere Verkaufs- und Lieferbedingungen bindend an.<\/p><p>Vertragspartner ist die:<br \/>AET L\u00e9zaud\u00ae GmbH<br \/>Am Hottenwald 8<br \/>66606 St. Wendel<\/p><p>Vertretungsberechtigte gesch\u00e4ftsf\u00fchrende Gesellschafter:<br \/>Nicolas L\u00e9zaud<\/p><p>Amtsgericht Saarbr\u00fccken HRB 100 678<br \/>Sitz der Gesellschaft: St. Wendel<br \/>Ust.-IdNr.: DE 815 401 299<\/p><h3><strong>2. Bestellwert \u2013 Preise \u2013 Versand<\/strong><\/h3><p>2.1. Unsere Angebote und Preise sind stets freibleibend und unverbindlich. Der Verk\u00e4ufer beh\u00e4lt sich das Recht vor, die Preise entsprechend zu \u00e4ndern, wenn nach Abschluss des Vertrages Kosten\u00e4nderungen, insbesondere aufgrund von Lohn- oder Materialpreis\u00e4nderungen, eintreten.<\/p><p>2.2. Der Mindestbestellwert betr\u00e4gt f\u00fcr Deutschland 100,- \u20ac netto, f\u00fcr EU-L\u00e4nder 200,- \u20ac netto, f\u00fcr europ\u00e4ische L\u00e4nder au\u00dferhalb der EU 500,- \u20ac netto und andere L\u00e4nder nach Vereinbarung. Bei Bestellungen unter dem Mindestbestellwert berechnen wir 20,- \u20ac Mindermengenaufschlag.<\/p><p>2.3. Unsere Preise verstehen sich zuz\u00fcglich Mehrwertsteuer (f\u00fcr Deutschland), Versandkosten und eventuell anfallende Verzollungskosten einschlie\u00dflich \u00fcblicher Versandverpackung. Sonderverpackungen gehen zu Lasten des K\u00e4ufers.<\/p><p>2.4. Wir behalten uns die Wahl des Versandweges, der uns am g\u00fcnstigsten und wirtschaftlichsten erscheint, vor. Die Kosten f\u00fcr eine andere, schnellere oder spezielle Lieferart und sonstige Versandkosten gehen zu Lasten des K\u00e4ufers.<\/p><p>2.5. Informationen zu den aktuell anfallenden Versandkosten und Lieferungen frei Haus k\u00f6nnen unter industrie@lezaud.de angefragt werden.<\/p><h3><strong>3. Lieferfrist<\/strong><\/h3><p>3.1. Lieferfristen gelten als verbindlich, wenn sie von uns schriftlich best\u00e4tigt wurden, und sind eingehalten, wenn die Ware unser Lager bzw. den Betrieb unserer Lieferanten bei Direktlieferungen verlassen hat.<\/p><p>3.2. Bei unvorhersehbaren Hindernissen, auf die wir bzw. unsere Lieferanten keinen Einfluss haben, insbesondere u.a. Streiks, Unf\u00e4lle, Umweltkatastrophen, h\u00f6here Gewalt, Rohstoffmangel, Transportschwierigkeiten verl\u00e4ngern sich die Fristen automatisch um eine angemessene Zeitspanne.<\/p><p>3.3. Bei Verzug kann der K\u00e4ufer nach Ablauf einer uns gesetzten Nachfrist vom Auftrag zur\u00fccktreten, solange die Ware bis zum Fristablauf noch nicht produziert und versendet wurde.<\/p><h3><strong>4. Lieferungen<\/strong><\/h3><p>4.1. Mit Verlassen unseres Lagers bzw. des Betriebes unserer Lieferanten bei Direktlieferungen geht die Verantwortung und die Gefahr des zuf\u00e4lligen Untergangs oder der zuf\u00e4lligen Verschlechterung der Ware an den K\u00e4ufer \u00fcber.<\/p><p>4.2. Wir sind zu Teillieferungen berechtigt und versenden die auf Lager verf\u00fcgbare Ware. Die fehlende Ware senden wir sofort nach Wiederbeschaffung. Bei Abrufauftr\u00e4gen behalten wir uns vor, die gesamte Bestellmenge geschlossen herzustellen bzw. herstellen zu lassen.<\/p><p>4.3. Nach Erteilung des Auftrages k\u00f6nnen \u00c4nderungsw\u00fcnsche nicht mehr ber\u00fccksichtigt werden. Wenn nicht anders vereinbart, sind wir nach sechs Monaten berechtigt, die Restlieferung auszuf\u00fchren.<\/p><p>4.4. Bei unseren Lieferungen sind Mehr- oder Minderlieferungen bis zu 10% zul\u00e4ssig.<\/p><h3><strong>5. Eigentumsvorbehalte<\/strong><\/h3><p>5.1. Die gelieferte Ware bleibt unser Eigentum bis zur vollst\u00e4ndigen Bezahlung und Begleichung aller Forderungen.<\/p><p>5.2. Bei Verarbeitung oder Vermischung gilt ein verl\u00e4ngerter Eigentumsvorbehalt und es steht uns ein Miteigentumsrecht im Verh\u00e4ltnis des Rechnungswertes der Vorbehaltsware zum Wert der anderen Waren an dem neuen Objekt zu. Bei Weiterver\u00e4u\u00dferung der Vorbehaltsware bzw. des neuen Objektes mit der Vorbehaltsware werden automatisch die Forderungen an uns abgetreten.<\/p><h3><strong>6. Pflichten und Rechte des Kunden bei M\u00e4ngelr\u00fcgen \u2013 Storno<\/strong><\/h3><p>6.1. Der Kunde hat die Pflicht, die gelieferte Ware sofort bei Erhalt auf Vollst\u00e4ndigkeit und auf eventuelle M\u00e4ngel hin zu \u00fcberpr\u00fcfen.<\/p><p>6.2. Berechtigte Reklamationen (gleich welcher Art) m\u00fcssen sp\u00e4testens innerhalb von 8 Tagen nach Erhalt der Ware schriftlich erfolgen. Zur Pr\u00fcfung des angezeigten Mangels ist die Ware erst nach unserer Aufforderung an den Verk\u00e4ufer zur\u00fcckzusenden. Ist nach eingehender Pr\u00fcfung eine Beanstandung berechtigt, wird kostenloser Ersatz unter der Voraussetzung geleistet, dass die R\u00fccksendung der beanstandeten Ware in dem Zustand erfolgt, in dem diese vom Verk\u00e4ufer geliefert wurde. Weitere Schadensersatzanspr\u00fcche werden hiermit grunds\u00e4tzlich abgelehnt.<\/p><p>6.3. Reklamationen bei offensichtlichen M\u00e4ngeln, die nach mehr als 30 Tagen nach dem Lieferdatum bei uns eingehen, werden von uns nicht mehr akzeptiert.<\/p><p>6.4. Im Falle von unberechtigten Retouren wird der Kunde mit 10% des Warenwertes belastet, mindestens jedoch 50 \u20ac.<\/p><h3><strong>7. Haftung \u2013 Gew\u00e4hrleistung<\/strong><\/h3><p>7.1. Der K\u00e4ufer hat die Eignung der bestellten Ware f\u00fcr den angestrebten Zweck selbst mittels geeigneter Versuche zu pr\u00fcfen. Dementsprechend tr\u00e4gt er die Verantwortung f\u00fcr eventuelle Folgesch\u00e4den und kann keine Anspr\u00fcche auf Schadenersatz an uns richten.<\/p><p>7.2. Entscheidend f\u00fcr Ausf\u00fchrung und Qualit\u00e4t unserer Waren sind bei Sonderfertigungen die Ausfallmuster, welche dem K\u00e4ufer auf Wunsch zur Begutachtung vorgelegt werden k\u00f6nnen und zur Lieferfreigabe oder Bestellung f\u00fchrten. Die Haltbarkeit und die Funktion unserer Waren (z.B. Dichtungen) h\u00e4ngen zum gr\u00f6\u00dften Teil von den jeweiligen Einbaubedingungen und von der jeweiligen Nutzung ab, auf welche wir als Hersteller keinerlei Einfluss haben. Wir gew\u00e4hrleisten aus diesem Grund nur eine einwandfreie Beschaffenheit unseres Materials. Alle technischen Angaben entsprechen unserem besten Wissen, jedoch kann eine Gew\u00e4hrleistung aus ihnen nicht hergeleitet werden. Eventuelle technische \u00c4nderungen behalten wir uns vor.<\/p><h3><strong>8. Formen \u2013 Werkzeuge \u2013 Prototypen<\/strong><\/h3><p>8.1. Die Kosten f\u00fcr die Anfertigung von Prototypen einschlie\u00dflich Formen und Werkzeugen tr\u00e4gt der K\u00e4ufer. Bei anteilig bezahlten Werkzeugen, wenn innerhalb von drei Monaten nach der Bemusterung keine Serienfertigung folgt, behalten wir uns vor, die Restkosten f\u00fcr das Werkzeug zu berechnen.<\/p><p>8.2. Durch Bezahlung der anteiligen Werkzeugkosten erwirbt der Besteller keinen Anspruch auf Eigentum der Werkzeuge. Der K\u00e4ufer kann den Erwerb des Eigentums mit uns vereinbaren. Dann geht nach Begleichung s\u00e4mtlicher Forderungen aus der Gesch\u00e4ftsverbindung betreffend Formen, Werkzeuge, Prototypen und Ware das Eigentum an den K\u00e4ufer \u00fcber.<\/p><h3>9. Urheberrechte<\/h3><p>9.1. An Entw\u00fcrfen, Zeichnungen und anderen begleitenden Unterlagen eines Angebotes behalten wir uns das Eigentums- und Urheberrecht vor. Sie d\u00fcrfen Dritten nur mit unserem Einvernehmen zug\u00e4nglich gemacht werden und sind auf Verlangen zur\u00fcckzugeben.<\/p><p>9.2. Bei \u00dcbergabe von Zeichnungen, Modellen oder Mustern gew\u00e4hrleistet der K\u00e4ufer, dass Schutzrechte von Dritten nicht verletzt werden. Sollte der K\u00e4ufer doch Schutzrechte und\/oder Urheberrechte Dritter verletzen, kommt der K\u00e4ufer f\u00fcr alle entstehenden Anspr\u00fcche Dritter sowie f\u00fcr die bis dahin entstandenen und noch entstehenden Kosten des Verk\u00e4ufers auf.<\/p><h3>10. Zahlung<\/h3><p>10.1. Der Vertragspartner erteilt die widerrufbare Zustimmung zur Zusendung der Rechnung in den elektronischen Formaten .doc oder .pdf per E-Mail an die vom Vertragspartner bekanntgegebenen Kommunikationsdaten (E-Mail-Adresse). Der Vertragspartner hat als Rechnungsempf\u00e4nger daf\u00fcr zu sorgen, dass elektronische Rechnungen ordnungsgem\u00e4\u00df zugestellt werden k\u00f6nnen und technische Einrichtungen wie etwa Filterprogramme und Firewalls entsprechend adaptiert sind. Der Vertragspartner hat seine Kommunikationsdaten sowie \u00c4nderungen unverz\u00fcglich schriftlich mitzuteilen. Zusendungen von Rechnungen an die vom Vertragspartner zuletzt bekannt gegebenen Kommunikationsadressen gelten diesem als zugegangen.<\/p><p>10.2. F\u00fcr Deutschland gilt: Erstauftr\u00e4ge per Vorauskasse, danach gilt zahlbar mit 2% Skonto bei Zahlungseingang innerhalb von 14 Tagen ab Rechnungsdatum oder netto bei Zahlungseingang innerhalb von 30 Tagen ab Rechnungsdatum. Alle anderen L\u00e4nder per Vorauskasse oder nach Vereinbarung. Formen und Werkzeuge sind sofort netto zahlbar. Alle Bank- und Verzollungskosten gehen zu Lasten des K\u00e4ufers. Unsere g\u00fcltigen Bankverbindungen sind auf der Rechnung ersichtlich.<\/p><p>10.3. Bei Verzug, sp\u00e4testens 8 Tage nach der ersten Mahnung, sind wir berechtigt, Zinsen in H\u00f6he der jeweiligen Banks\u00e4tze f\u00fcr \u00dcberziehungskredite zu berechnen, mindestens jedoch in H\u00f6he von 8% \u00fcber dem Diskontsatz der Deutschen Bundesbank. Wenn die Verm\u00f6gensverh\u00e4ltnisse des K\u00e4ufers unseren Zahlungsanspruch gef\u00e4hrden oder bei Verzug, sp\u00e4testens 8 Tage nach der dritten Mahnung, sind wir berechtigt, die Ware zu Lasten des K\u00e4ufers sofort zur\u00fcckzufordern. Die R\u00fccknahme ist kein R\u00fccktritt vom Vertrag. F\u00fcr ausstehende Lieferungen k\u00f6nnen wir Vorauszahlungen oder Sicherheiten verlangen. Der K\u00e4ufer kann die Rechtsfolgen durch Zahlung oder Sicherheitsleistungen in H\u00f6he unserer Forderungen abwenden.<\/p><h3>11. Erf\u00fcllungsort \u2013 Gerichtsstand<\/h3><p>11.1. Erf\u00fcllungsort f\u00fcr unsere Lieferungen ist unser Betriebssitz bzw. der Sitz unserer Partner bei Vereinbarung von Direktlieferungen an den K\u00e4ufer mit unseren Partnern. Unser Gerichtsstand ist das Amtsgericht Saarbr\u00fccken.<\/p><p>11.2. Es gilt ausschlie\u00dflich das Recht der Bundesrepublik Deutschland unter Ausschluss des UN-Kaufrechts.<\/p><p>11.3. Unsere Gesch\u00e4ftsbedingungen, die allen Vereinbarungen und Angeboten zugrunde liegen, gelten durch Auftragserteilung oder Annahme der Lieferung als anerkannt. Sie k\u00f6nnen von uns jederzeit ge\u00e4ndert werden. Anderslautende Bedingungen sind unwirksam, auch wenn wir ihnen nicht ausdr\u00fccklich widersprechen; sie gelten nur, wenn sie im Einzelfall von uns schriftlich anerkannt werden. Die Unwirksamkeit einzelner Bestimmungen ber\u00fchrt die G\u00fcltigkeit dieser Bedingungen im \u00dcbrigen nicht. Telefonische oder m\u00fcndliche Absprachen bed\u00fcrfen zu ihrer Rechtswirksamkeit schriftlicher Best\u00e4tigung.<\/p><h3>12. Salvatorische Klausel<\/h3><p>Sollten einzelne Bestimmungen dieses Vertrages unwirksam oder undurchf\u00fchrbar sein oder nach Vertragsschluss unwirksam oder undurchf\u00fchrbar werden, bleibt davon die Wirksamkeit im \u00dcbrigen unber\u00fchrt. An die Stelle der unwirksamen oder undurchf\u00fchrbaren Bestimmung soll diejenige wirksame und durchf\u00fchrbare Regelung treten, deren Wirkungen der wirtschaftlichen Zielsetzung am n\u00e4chsten kommen, die die Vertragsparteien mit der unwirksamen bzw. undurchf\u00fchrbaren Bestimmung verfolgt haben.<\/p><p>Revisionsstand 01.04.2022<\/p>\n<\/div><\/div>\n<\/section>","protected":false},"excerpt":{"rendered":"<p>Verkaufs- und Lieferbedingungen 1. GeltungsbereichF\u00fcr s\u00e4mtliche Vertragsbeziehungen zwischen der AET Lezaud\u00ae GmbH (nachfolgend Verk\u00e4ufer genannt) und dem K\u00e4ufer gelten ausschlie\u00dflich die nachfolgenden allgemeinen Verkaufs- und Lieferbedingungen, auch wenn der K\u00e4ufer eigene abweichende Bedingungen mitteilt ohne dass ausdr\u00fccklicher Widerspruch des Verk\u00e4ufers hiergegen erforderlich ist. Abweichende Vorschriften oder Abreden sind f\u00fcr uns nur dann verbindlich, wenn wir [&hellip;]<\/p>\n","protected":false},"author":1,"featured_media":0,"parent":0,"menu_order":0,"comment_status":"closed","ping_status":"closed","template":"","meta":{"_acf_changed":false,"_seopress_robots_primary_cat":"","_seopress_titles_title":"","_seopress_titles_desc":"","_seopress_robots_index":"yes","_seopress_analysis_target_kw":"","iawp_total_views":328,"_breakdance_hide_in_design_set":false,"_breakdance_tags":"","footnotes":""},"class_list":["post-3950","page","type-page","status-publish","hentry"],"acf":[],"_links":{"self":[{"href":"https:\/\/lezaud.com\/de\/wp-json\/wp\/v2\/pages\/3950","targetHints":{"allow":["GET"]}}],"collection":[{"href":"https:\/\/lezaud.com\/de\/wp-json\/wp\/v2\/pages"}],"about":[{"href":"https:\/\/lezaud.com\/de\/wp-json\/wp\/v2\/types\/page"}],"author":[{"embeddable":true,"href":"https:\/\/lezaud.com\/de\/wp-json\/wp\/v2\/users\/1"}],"replies":[{"embeddable":true,"href":"https:\/\/lezaud.com\/de\/wp-json\/wp\/v2\/comments?post=3950"}],"version-history":[{"count":0,"href":"https:\/\/lezaud.com\/de\/wp-json\/wp\/v2\/pages\/3950\/revisions"}],"wp:attachment":[{"href":"https:\/\/lezaud.com\/de\/wp-json\/wp\/v2\/media?parent=3950"}],"curies":[{"name":"wp","href":"https:\/\/api.w.org\/{rel}","templated":true}]}}