{"id":48,"date":"2024-08-18T15:18:01","date_gmt":"2024-08-18T11:18:01","guid":{"rendered":"https:\/\/bp-breakdance.cs-webdesigns.de\/?page_id=48"},"modified":"2026-03-31T17:32:36","modified_gmt":"2026-03-31T13:32:36","slug":"impressum","status":"publish","type":"page","link":"https:\/\/lezaud.com\/de\/impressum\/","title":{"rendered":"Impressum"},"content":{"rendered":"<section class=\"bde-section-48-100 bde-section\">\n  \n  \n\t\n\n\n\n<div class=\"section-container\"><h1 class=\"bde-heading-48-108 bde-heading\">\nImpressum\n<\/h1><div class=\"bde-rich-text-48-106 bde-rich-text breakdance-rich-text-styles\">\n<h3>Vertrieb:<\/h3><p><strong>AET L\u00e9zaud GmbH<br \/>Advanced Elastomers and Thermoplastics<\/strong><\/p><p><strong>Sitz:<br \/><\/strong>Am Hottenwald 8, 66606 St.Wendel, Deutschland<\/p><p>Telefon: 0049 (0)6851\/97394 -0<br \/>Fax: 0049 (0)6851\/97394 -44<br \/><span id=\"cloakd1e172f676d880ab4e20b0c38398650f\">E-Mail: <a href=\"mailto:industrie@lezaud.de\">industrie@lezaud.de<\/a><\/span><\/p><p><strong>Rechtliches:<br \/><\/strong>Amtsgericht Saarbr\u00fccken HRB 100 678<br \/>Finanzamt St. Wendel<br \/>Steuernummer: 040\/105\/59451<br \/>Ust.-IdNr.: DE 815 401 299<\/p><p><strong>Gesch\u00e4ftsf\u00fchrer:<br \/><\/strong>Nicolas L\u00e9zaud<\/p><p><strong>Gesellschafter:<br \/><\/strong>Nicolas L\u00e9zaud<\/p><h3>Entwicklung \/ Produktion:<\/h3><p><strong>L\u00e9zaud &amp; Co GmbH<\/strong><br \/><b>Fluid- und Dichtungstechnik f\u00fcr Labor, Chemie, Medizin und Industrie<\/b><\/p><p><strong>Sitz:<\/strong><b><br \/><\/b>Am Hottenwald 8, 66606 St.Wendel, Deutschland<\/p><p>Telefon: 0 68 51 \u2013 97394 -0<br \/>Fax: 0 68 51 \u2013 97394 -44<br \/>E-Mail:\u00a0<a href=\"mailto:industrie@lezaud.de\">industrie@lezaud.de<\/a><\/p><p><strong>Rechtliches:<br \/><\/strong>Amtsgericht Saarbr\u00fccken HRB 81 306<br \/>Finanzamt St. Wendel<br \/>Steuernummer: 040\/113\/53571<br \/>Ust.-IdNr.: DE 812 504 615<\/p><p><strong>Gesch\u00e4ftsf\u00fchrer:<br \/><\/strong>Nicolas L\u00e9zaud<\/p><p><strong>Gesellschafter:<br \/><\/strong>Nicolas L\u00e9zaud<\/p>\n<\/div><\/div>\n<\/section>","protected":false},"excerpt":{"rendered":"<p>Impressum Vertrieb:AET L\u00e9zaud GmbHAdvanced Elastomers and ThermoplasticsSitz:Am Hottenwald 8, 66606 St.Wendel, DeutschlandTelefon: 0049 (0)6851\/97394 -0Fax: 0049 (0)6851\/97394 -44E-Mail: industrie@lezaud.deRechtliches:Amtsgericht Saarbr\u00fccken HRB 100 678Finanzamt St. WendelSteuernummer: 040\/105\/59451Ust.-IdNr.: DE 815 401 299Gesch\u00e4ftsf\u00fchrer:Nicolas L\u00e9zaudGesellschafter:Nicolas L\u00e9zaudEntwicklung \/ Produktion:L\u00e9zaud &amp; Co GmbHFluid- und Dichtungstechnik f\u00fcr Labor, Chemie, Medizin und IndustrieSitz:Am Hottenwald 8, 66606 St.Wendel, DeutschlandTelefon: 0 68 51 \u2013 97394 [&hellip;]<\/p>\n","protected":false},"author":1,"featured_media":0,"parent":0,"menu_order":0,"comment_status":"closed","ping_status":"closed","template":"","meta":{"_acf_changed":false,"_seopress_robots_primary_cat":"","_seopress_titles_title":"","_seopress_titles_desc":"Gesetzliche Anbieterinformationen und Kontaktdaten der AET L\u00e8zaud GmbH gem\u00e4\u00df \u00a7 5 TMG.","_seopress_robots_index":"","iawp_total_views":6,"_breakdance_hide_in_design_set":false,"_breakdance_tags":"","footnotes":""},"class_list":["post-48","page","type-page","status-publish","hentry"],"acf":[],"_links":{"self":[{"href":"https:\/\/lezaud.com\/de\/wp-json\/wp\/v2\/pages\/48","targetHints":{"allow":["GET"]}}],"collection":[{"href":"https:\/\/lezaud.com\/de\/wp-json\/wp\/v2\/pages"}],"about":[{"href":"https:\/\/lezaud.com\/de\/wp-json\/wp\/v2\/types\/page"}],"author":[{"embeddable":true,"href":"https:\/\/lezaud.com\/de\/wp-json\/wp\/v2\/users\/1"}],"replies":[{"embeddable":true,"href":"https:\/\/lezaud.com\/de\/wp-json\/wp\/v2\/comments?post=48"}],"version-history":[{"count":0,"href":"https:\/\/lezaud.com\/de\/wp-json\/wp\/v2\/pages\/48\/revisions"}],"wp:attachment":[{"href":"https:\/\/lezaud.com\/de\/wp-json\/wp\/v2\/media?parent=48"}],"curies":[{"name":"wp","href":"https:\/\/api.w.org\/{rel}","templated":true}]}}