{"id":12116,"date":"2025-10-25T17:16:04","date_gmt":"2025-10-25T13:16:04","guid":{"rendered":"https:\/\/lezaud.cs-dev.wpspace-server.de\/?page_id=12116"},"modified":"2026-04-16T17:23:06","modified_gmt":"2026-04-16T15:23:06","slug":"demander-un-echantillon","status":"publish","type":"page","link":"https:\/\/lezaud.com\/fr\/muster-anfragen\/","title":{"rendered":"Demander un \u00e9chantillon"},"content":{"rendered":"<section class=\"bde-section-12116-100 bde-section\">\n  \n  \n\t\n\n\n\n<div class=\"section-container\"><div class=\"bde-div-12116-246 bde-div\">\n  \n  \n\t\n\n\n\n<div class=\"bde-badge-12116-249 bde-badge bde-preset-f981a7f5-eb15-4bb0-8820-382c1db920ae\">\n<span >Musteranfrage zum Produkt<\/span>\n<\/div><div class=\"bde-text-12116-251 bde-text\">\n\n<\/div><h1 class=\"bde-dual-heading-12116-250 bde-dual-heading bde-preset-592a3b2a-42c5-4375-81d4-a0d7f388bd9b\">\n\n\n            <span data-style=\"secondary\" class=\"dual-heading--secondary  \"><\/span>\n\n\n\n<\/h1><div class=\"bde-text-12116-247 bde-text\">\n\n<\/div><div class=\"bde-text-12116-253 bde-text\">\nDamit Sie sich ein besseres Bild von unserem Produkt machen k\u00f6nnen, senden wir Ihnen gerne ein kostenfreies Muster per Post zu.\n<\/div>\n<\/div><div class=\"bde-div-12116-118 bde-div top-shape\">\n  \n  \n\t\n\n\n\n<style>@media (max-width:767px){.breakdance .bde-form-builder-12116-121 .breakdance-form{grid-template-columns:unset}.breakdance .bde-form-builder-12116-121 .breakdance-form--horizontal{grid-auto-flow:unset}.breakdance .bde-form-builder-12116-121 .breakdance-form .breakdance-form-field,.breakdance .bde-form-builder-12116-121 .breakdance-form .breakdance-form-stepper{grid-column-start:unset}}<\/style><div class=\"bde-form-builder-12116-121 bde-form-builder\">\n\n<form id=\"formular-musteranfrage\" class=\"breakdance-form breakdance-form--vertical\" data-options=\"{&quot;slug&quot;:&quot;custom&quot;,&quot;name&quot;:&quot;Formular Musteranfrage&quot;,&quot;ajaxUrl&quot;:&quot;https:\\\/\\\/lezaud.com\\\/wp-admin\\\/admin-ajax.php&quot;,&quot;clearOnSuccess&quot;:true,&quot;hideOnSuccess&quot;:true,&quot;successMessage&quot;:&quot;Bitte warten Sie bis Ihre Anfrage \\u00fcbermittelt wird ...&quot;,&quot;errorMessage&quot;:&quot;Etwas ist schiefgelaufen, bitte probieren Sie es nochmal.&quot;,&quot;redirect&quot;:false,&quot;redirectUrl&quot;:&quot;\\\/muster-anfragen\\\/danke\\\/&quot;,&quot;customJavaScript&quot;:{&quot;js_on_success&quot;:&quot;var urlParams = new URLSearchParams(window.location.search);\\ndataLayer.push({\\n  &#039;event&#039;: &#039;form_send&#039;,\\n  &#039;form_name&#039;: &#039;Musteranfrage&#039;,\\n  &#039;product_name&#039;: urlParams.get(&#039;produkt&#039;),\\n  &#039;product_sku&#039;: urlParams.get(&#039;sku&#039;),\\n  &#039;product_variant&#039;: urlParams.get(&#039;variante&#039;)\\n});\\n\\nvar lang = document.documentElement.lang || &#039;de&#039;;\\nvar thankYouUrls = {\\n  &#039;de&#039;: &#039;https:\\\/\\\/lezaud.com\\\/de\\\/muster-anfragen\\\/danke\\\/&#039;,\\n  &#039;en&#039;: &#039;https:\\\/\\\/lezaud.com\\\/en\\\/request-sample\\\/thank-you\\\/&#039;,\\n  &#039;fr&#039;: &#039;https:\\\/\\\/lezaud.com\\\/fr\\\/demander-un-echantillon\\\/merci\\\/&#039;\\n};\\nvar langKey = lang.startsWith(&#039;en&#039;) ? &#039;en&#039; : lang.startsWith(&#039;fr&#039;) ? &#039;fr&#039; : &#039;de&#039;;\\nwindow.location.href = thankYouUrls[langKey];&quot;},&quot;recaptcha&quot;:{&quot;key&quot;:&quot;&quot;,&quot;enabled&quot;:false},&quot;honeypot_enabled&quot;:true,&quot;popupsOnSuccess&quot;:[],&quot;popupsOnError&quot;:[]}\" data-steps=\"0\" >\n  \n  \n  \n<div class=\"breakdance-form-field breakdance-form-field--hidden\" >\n    \n    \n    \n    <input\n    id=\"produkt\"\n    type=\"hidden\"\n    name=\"fields[produkt]\"\n    value=\"Produkt: \"\n    \n    >\n\n\n    \n    \n<\/div>\n\n\n<div class=\"breakdance-form-field breakdance-form-field--hidden\" >\n    \n    \n    \n    <input\n    id=\"beschreibung\"\n    type=\"hidden\"\n    name=\"fields[beschreibung]\"\n    value=\"Produkttitel: \"\n    \n    >\n\n\n    \n    \n<\/div>\n\n\n<div class=\"breakdance-form-field breakdance-form-field--hidden\" >\n    \n    \n    \n    <input\n    id=\"artikelnummer\"\n    type=\"hidden\"\n    name=\"fields[artikelnummer]\"\n    value=\"Artikelnummer: \"\n    \n    >\n\n\n    \n    \n<\/div>\n\n\n<div class=\"breakdance-form-field breakdance-form-field--hidden\" >\n    \n    \n    \n    <input\n    id=\"variante\"\n    type=\"hidden\"\n    name=\"fields[variante]\"\n    value=\"In der Variante: \"\n    \n    >\n\n\n    \n    \n<\/div>\n\n\n<div class=\"breakdance-form-field breakdance-form-field--radio\" >\n    \n    \n    \n      <fieldset role=\"radiogroup\"\n          aria-label=\"Anrede\"\n      >\n          <legend class=\"breakdance-form-field__label\">Anrede<span class=\"breakdance-form-field__required\">*<\/span><\/legend>\n                <div class=\"breakdance-form-radio\">\n            <input\n                type=\"radio\"\n                name=\"fields[anrede][]\"\n                value=\"Herr\"\n                id=\"anrede-1\"\n                required\n                \n                \n                            >\n            <label class=\"breakdance-form-radio__text\" for=\"anrede-1\">Herr<\/label>\n        <\/div>\n            <div class=\"breakdance-form-radio\">\n            <input\n                type=\"radio\"\n                name=\"fields[anrede][]\"\n                value=\"Frau\"\n                id=\"anrede-2\"\n                required\n                \n                \n                            >\n            <label class=\"breakdance-form-radio__text\" for=\"anrede-2\">Frau<\/label>\n        <\/div>\n            <div class=\"breakdance-form-radio\">\n            <input\n                type=\"radio\"\n                name=\"fields[anrede][]\"\n                value=\"Divers\"\n                id=\"anrede-3\"\n                required\n                \n                \n                            >\n            <label class=\"breakdance-form-radio__text\" for=\"anrede-3\">Divers<\/label>\n        <\/div>\n      <\/fieldset>\n\n\n    \n    \n<\/div>\n\n\n<div class=\"breakdance-form-field breakdance-form-field--text breakdance-form-field__hide-label\" >\n    \n    \n            <label class=\"breakdance-form-field__label\" for=\"vorname\">\n            Vorname<span class=\"breakdance-form-field__required\">*<\/span>\n        <\/label>\n    \n    <input\n    class=\"breakdance-form-field__input\"\n    id=\"vorname\"\n    aria-describedby=\"vorname\"\n    type=\"text\"\n    name=\"fields[vorname]\"\n    placeholder=\"Vorname *\"\n    value=\"\"\n                \n        \n        \n    required\n    \n    \n    \n    \n    \n>\n\n\n    \n    \n<\/div>\n\n\n<div class=\"breakdance-form-field breakdance-form-field--text breakdance-form-field__hide-label\" >\n    \n    \n            <label class=\"breakdance-form-field__label\" for=\"nachname\">\n            Nachname<span class=\"breakdance-form-field__required\">*<\/span>\n        <\/label>\n    \n    <input\n    class=\"breakdance-form-field__input\"\n    id=\"nachname\"\n    aria-describedby=\"nachname\"\n    type=\"text\"\n    name=\"fields[nachname]\"\n    placeholder=\"Nachname *\"\n    value=\"\"\n                \n        \n        \n    required\n    \n    \n    \n    \n    \n>\n\n\n    \n    \n<\/div>\n\n\n<div class=\"breakdance-form-field breakdance-form-field--text breakdance-form-field__hide-label\" >\n    \n    \n            <label class=\"breakdance-form-field__label\" for=\"firma\">\n            Firma \/ Organisation<span class=\"breakdance-form-field__required\">*<\/span>\n        <\/label>\n    \n    <input\n    class=\"breakdance-form-field__input\"\n    id=\"firma\"\n    aria-describedby=\"firma\"\n    type=\"text\"\n    name=\"fields[firma]\"\n    placeholder=\"Firma \/ Organisation *\"\n    value=\"\"\n                \n        \n        \n    required\n    \n    \n    \n    \n    \n>\n\n\n    \n    \n<\/div>\n\n\n<div class=\"breakdance-form-field breakdance-form-field--text breakdance-form-field__hide-label\" >\n    \n    \n            <label class=\"breakdance-form-field__label\" for=\"strasse\">\n            Stra\u00dfe<span class=\"breakdance-form-field__required\">*<\/span>\n        <\/label>\n    \n    <input\n    class=\"breakdance-form-field__input\"\n    id=\"strasse\"\n    aria-describedby=\"strasse\"\n    type=\"text\"\n    name=\"fields[strasse]\"\n    placeholder=\"Stra\u00dfe *\"\n    value=\"\"\n                \n        \n        \n    required\n    \n    \n    \n    \n    \n>\n\n\n    \n    \n<\/div>\n\n\n<div class=\"breakdance-form-field breakdance-form-field--text breakdance-form-field__hide-label\" >\n    \n    \n            <label class=\"breakdance-form-field__label\" for=\"plz\">\n            PLZ<span class=\"breakdance-form-field__required\">*<\/span>\n        <\/label>\n    \n    <input\n    class=\"breakdance-form-field__input\"\n    id=\"plz\"\n    aria-describedby=\"plz\"\n    type=\"text\"\n    name=\"fields[plz]\"\n    placeholder=\"PLZ *\"\n    value=\"\"\n                \n        \n        \n    required\n    \n    \n    \n    \n    \n>\n\n\n    \n    \n<\/div>\n\n\n<div class=\"breakdance-form-field breakdance-form-field--text breakdance-form-field__hide-label\" >\n    \n    \n            <label class=\"breakdance-form-field__label\" for=\"ort\">\n            Ort<span class=\"breakdance-form-field__required\">*<\/span>\n        <\/label>\n    \n    <input\n    class=\"breakdance-form-field__input\"\n    id=\"ort\"\n    aria-describedby=\"ort\"\n    type=\"text\"\n    name=\"fields[ort]\"\n    placeholder=\"Ort *\"\n    value=\"\"\n                \n        \n        \n    required\n    \n    \n    \n    \n    \n>\n\n\n    \n    \n<\/div>\n\n\n<div class=\"breakdance-form-field breakdance-form-field--select breakdance-form-field__hide-label\" >\n    \n    \n            <label class=\"breakdance-form-field__label\" for=\"land\">\n            Land<span class=\"breakdance-form-field__required\">*<\/span>\n        <\/label>\n    \n    <select\n    class=\"breakdance-form-field__input\"\n    id=\"land\"\n    name=\"fields[land]\"\n    required\n    \n        \n    \n    >\n      <option value=\"\">Land *<\/option>\n          <option value=\"Deutschland\" >Deutschland<\/option>\n        <option value=\"\u00d6sterreich\" >\u00d6sterreich<\/option>\n        <option value=\"Schweiz\" >Schweiz<\/option>\n        <option value=\"Belgien\" >Belgien<\/option>\n        <option value=\"Bulgarien\" >Bulgarien<\/option>\n        <option value=\"D\u00e4nemark\" >D\u00e4nemark<\/option>\n        <option value=\"Estland\" >Estland<\/option>\n        <option value=\"Finnland\" >Finnland<\/option>\n        <option value=\"Frankreich\" >Frankreich<\/option>\n        <option value=\"Griechenland\" >Griechenland<\/option>\n        <option value=\"Irland\" >Irland<\/option>\n        <option value=\"Italien\" >Italien<\/option>\n        <option value=\"Kroatien\" >Kroatien<\/option>\n        <option value=\"Lettland\" >Lettland<\/option>\n        <option value=\"Litauen\" >Litauen<\/option>\n        <option value=\"Luxemburg\" >Luxemburg<\/option>\n        <option value=\"Malta\" >Malta<\/option>\n        <option value=\"Niederlande\" >Niederlande<\/option>\n        <option value=\"Polen\" >Polen<\/option>\n        <option value=\"Portugal\" >Portugal<\/option>\n        <option value=\"Rum\u00e4nien\" >Rum\u00e4nien<\/option>\n        <option value=\"Schweden\" >Schweden<\/option>\n        <option value=\"Slowakei\" >Slowakei<\/option>\n        <option value=\"Slowenien\" >Slowenien<\/option>\n        <option value=\"Spanien\" >Spanien<\/option>\n        <option value=\"Tschechien\" >Tschechien<\/option>\n        <option value=\"Ungarn\" >Ungarn<\/option>\n        <option value=\"Zypern\" >Zypern<\/option>\n        <option value=\"Andere\" >Andere<\/option>\n  <\/select>\n\n\n    \n    \n<\/div>\n\n\n<div class=\"breakdance-form-field breakdance-form-field--email breakdance-form-field__hide-label\" >\n    \n    \n            <label class=\"breakdance-form-field__label\" for=\"email\">\n            E-Mail<span class=\"breakdance-form-field__required\">*<\/span>\n        <\/label>\n    \n    <input\n    class=\"breakdance-form-field__input\"\n    id=\"email\"\n    aria-describedby=\"email\"\n    type=\"email\"\n    name=\"fields[email]\"\n    placeholder=\"Berufliche E-Mail *\"\n    value=\"\"\n                \n        \n        \n    required\n    \n    \n    \n    \n    \n>\n\n\n    \n    \n<\/div>\n\n\n<div class=\"breakdance-form-field breakdance-form-field--text breakdance-form-field__hide-label\" >\n    \n    \n            <label class=\"breakdance-form-field__label\" for=\"telefonnummer\">\n            Telefonnummer\n        <\/label>\n    \n    <input\n    class=\"breakdance-form-field__input\"\n    id=\"telefonnummer\"\n    aria-describedby=\"telefonnummer\"\n    type=\"text\"\n    name=\"fields[telefonnummer]\"\n    placeholder=\"Telefonnummer (optional)\"\n    value=\"\"\n                \n        \n        \n    \n    \n    \n    \n    \n    \n>\n\n\n    \n    \n<\/div>\n\n\n<div class=\"breakdance-form-field breakdance-form-field--textarea breakdance-form-field__hide-label\" >\n    \n    \n            <label class=\"breakdance-form-field__label\" for=\"mitteilung\">\n            Mitteilung\n        <\/label>\n    \n    <textarea\n    class=\"breakdance-form-field__input\"\n    id=\"mitteilung\"\n    aria-describedby=\"mitteilung\"\n    type=\"textarea\"\n    name=\"fields[mitteilung]\"\n        placeholder=\"Ihre Mitteilung an uns (optional)\"\n    \n    \n    \n    >\n<\/textarea>\n\n\n    \n    \n<\/div>\n\n\n<div class=\"breakdance-form-field breakdance-form-field--html\" >\n    \n    \n    \n    <div class=\"form-input-html\"\n    >\n  <p style=\"font-size:12px; line-height:1.5;\">\n  Mit dem Absenden des Formulars willigen Sie ein, dass die AET L\u00e9zaud GmbH Ihre Daten zur Bearbeitung Ihrer Anfrage laut unserer \n  <a href=\"\/datenschutz\">Datenschutzerkl\u00e4rung<\/a> speichert, verarbeitet und ggf. an den f\u00fcr Ihr Land zust\u00e4ndigen H\u00e4ndler weitergibt. \n  L\u00e9zaud und der f\u00fcr Ihr Land zust\u00e4ndige H\u00e4ndler d\u00fcrfen Sie zum Zwecke der Werbung per E-Mail, Telefon oder Brief kontaktieren. \n  Diese Einwilligung k\u00f6nnen Sie jederzeit ohne Angabe von Gr\u00fcnden gegen\u00fcber der AET L\u00e9zaud GmbH, Am Hottenwald&nbsp;8, \n  66606&nbsp;St.&nbsp;Wendel, Deutschland oder per E-Mail unter \n  <a href=\"mailto:industrie@lezaud.de\">industrie@lezaud.de<\/a> \n  mit Wirkung f\u00fcr die Zukunft widerrufen.\n<\/p>\n<\/div>\n\n\n    \n    \n<\/div>\n\n\n<div class=\"breakdance-form-field breakdance-form-field--hidden\" >\n    \n    \n    \n    <input\n    id=\"sprache\"\n    type=\"hidden\"\n    name=\"fields[sprache]\"\n    value=\"\"\n    \n    >\n\n\n    \n    \n<\/div>\n\n\n<div class=\"breakdance-form-field breakdance-form-field--hpinput\" >\n    \n    \n            <label class=\"breakdance-form-field__label\" for=\"hpname\">\n            HP Name\n        <\/label>\n    \n    <input\n    class=\"breakdance-form-field__input\"\n    id=\"hpname\"\n    aria-describedby=\"hpname\"\n    type=\"hpinput\"\n    name=\"fields[hpname]\"\n    placeholder=\"\"\n    value=\"\"\n                \n        \n        \n    \n    autocomplete=\"off\"\n    tabindex=\"-1\"\n    \n    \n    \n>\n\n\n    \n    \n<\/div><div class=\"breakdance-form-field breakdance-form-footer\">    \n    \n    \n    \n    \n            \n            <button type=\"submit\" class=\"button-atom button-atom--primary breakdance-form-button breakdance-form-button__submit\" id=\"formular-musteranfrage-submit\"  >\n    \n        <span class=\"button-atom__text\">Musteranfrage absenden<\/span>\n\n        \n        \n            <\/button>\n    \n    <input type=\"hidden\" name=\"form_id\" value=\"121\">\n    <input type=\"hidden\" name=\"post_id\" value=\"12116\">\n<\/div>\n\n  \n<\/form>\n\n\n<\/div>\n<\/div><\/div>\n<\/section>","protected":false},"excerpt":{"rendered":"<p>Musteranfrage zum Produkt Damit Sie sich ein besseres Bild von unserem Produkt machen k\u00f6nnen, senden wir Ihnen gerne ein kostenfreies Muster per Post zu. Anrede* Herr Frau Divers Vorname* Nachname* Firma \/ Organisation* Stra\u00dfe* PLZ* Ort* Land* Land * Deutschland \u00d6sterreich Schweiz Belgien Bulgarien D\u00e4nemark Estland Finnland Frankreich Griechenland Irland Italien Kroatien Lettland Litauen Luxemburg [&hellip;]<\/p>\n","protected":false},"author":1,"featured_media":0,"parent":0,"menu_order":0,"comment_status":"closed","ping_status":"closed","template":"","meta":{"_acf_changed":false,"_seopress_robots_primary_cat":"","_seopress_titles_title":"","_seopress_titles_desc":"","_seopress_robots_index":"yes","iawp_total_views":66,"_breakdance_hide_in_design_set":false,"_breakdance_tags":"","footnotes":""},"class_list":["post-12116","page","type-page","status-publish","hentry"],"acf":[],"_links":{"self":[{"href":"https:\/\/lezaud.com\/fr\/wp-json\/wp\/v2\/pages\/12116","targetHints":{"allow":["GET"]}}],"collection":[{"href":"https:\/\/lezaud.com\/fr\/wp-json\/wp\/v2\/pages"}],"about":[{"href":"https:\/\/lezaud.com\/fr\/wp-json\/wp\/v2\/types\/page"}],"author":[{"embeddable":true,"href":"https:\/\/lezaud.com\/fr\/wp-json\/wp\/v2\/users\/1"}],"replies":[{"embeddable":true,"href":"https:\/\/lezaud.com\/fr\/wp-json\/wp\/v2\/comments?post=12116"}],"version-history":[{"count":15,"href":"https:\/\/lezaud.com\/fr\/wp-json\/wp\/v2\/pages\/12116\/revisions"}],"predecessor-version":[{"id":30336,"href":"https:\/\/lezaud.com\/fr\/wp-json\/wp\/v2\/pages\/12116\/revisions\/30336"}],"wp:attachment":[{"href":"https:\/\/lezaud.com\/fr\/wp-json\/wp\/v2\/media?parent=12116"}],"curies":[{"name":"wp","href":"https:\/\/api.w.org\/{rel}","templated":true}]}}